{"id":228,"date":"2025-11-13T07:27:51","date_gmt":"2025-11-13T07:27:51","guid":{"rendered":"https:\/\/lightpink-butterfly-919682.hostingersite.com\/?page_id=228"},"modified":"2026-01-14T09:11:36","modified_gmt":"2026-01-14T09:11:36","slug":"fairs","status":"publish","type":"page","link":"https:\/\/lenova.com.tr\/en\/fairs\/","title":{"rendered":"Fairs"},"content":{"rendered":"<div class=\"wpb-content-wrapper\"><div id=\"custom-page-banner\" data-vc-full-width=\"true\" data-vc-full-width-temp=\"true\" data-vc-full-width-init=\"false\" data-vc-stretch-content=\"true\" class=\"vc_row wpb_row vc_row-fluid vc_custom_1762947966913 vc_row-no-padding wd-rs-6914737421f5d\"><div class=\"wpb_column vc_column_container vc_col-sm-12\"><div class=\"vc_column-inner\"><div class=\"wpb_wrapper\">\t\t<div id=\"wd-695f806479e37\" class=\"wd-text-block wd-wpb reset-last-child wd-rs-695f806479e37 text-left\">\n\t\t\t<div class=\"custom-breadcrumb-content\">\n<p><a href=\"\/en\/\">Home Page<\/a><\/p>\n<div class=\"link-spacer\">\/<\/div>\n<p><a href=\"\/en\/fairs\/\">Fairs<\/a><\/p>\n<\/div>\n<div class=\"title-cont\">\n<h1>Fairs<\/h1>\n<\/div>\n\t\t<\/div>\n\t\t<\/div><\/div><\/div><\/div><div class=\"vc_row-full-width vc_clearfix\"><\/div><div id=\"fuar-row\" data-vc-full-width=\"true\" data-vc-full-width-temp=\"true\" data-vc-full-width-init=\"false\" data-vc-stretch-content=\"true\" class=\"vc_row wpb_row vc_row-fluid vc_custom_1767871017998 vc_column-gap-15 vc_row-no-padding wd-rs-695f9226c0138 wd-section-stretch-content-no-pd\"><div class=\"wpb_column vc_column_container vc_col-sm-4\"><div class=\"vc_column-inner\"><div class=\"wpb_wrapper\">\t\t<div class=\"promo-banner-wrapper  wd-rs-695f90c8dc69f\">\n\t\t\t<div id=\"wd-695f90c8dc69f\" class=\"promo-banner  banner- banner-hover-none color-scheme-light banner-btn-size-default banner-btn-style-default  wd-underline-colored\">\n\t\t\t\t<div class=\"main-wrapp-img\">\n\t\t\t\t\t<div class=\"banner-image wd-bg-position-center\" >\n\t\t\t\t\t\t<img loading=\"lazy\" decoding=\"async\" width=\"1200\" height=\"600\" src=\"https:\/\/lenova.com.tr\/wp-content\/uploads\/2026\/01\/lenova-2024-fuar-thumb-080126-1.jpg\" class=\"attachment-full size-full\" alt=\"\" \/>\t\t\t\t\t<\/div>\n\t\t\t\t<\/div>\n\n\t\t\t\t<div class=\"wrapper-content-banner wd-fill  wd-items-top wd-justify-left\">\n\t\t\t\t\t<div class=\"content-banner  text-left\">\n\t\t\t\t\t\t\t\t\t\t\t\t\n\t\t\t\t\t\t\n\t\t\t\t\t\t\t\t\t\t\t<\/div>\n\t\t\t\t<\/div>\n\n\t\t\t\t\n\t\t\t\t\t\t\t<\/div>\n\t\t<\/div>\n\n\t\t\t\t<div class=\"wd-el-video wd-wpb wd-rs-695f824b5bb10 wd-action-action_button wd-video-youtube\">\n\t\t\t\n\t\t\t\t\t\t\t\t\t\t\t<div id=\"wd-695f824b5bb10\" class=\"wd-rs-695f824b5bb10  wd-button-wrapper text-center\"><a href=\"\/en\/www.youtube.com\/watch\/?v=2we4kZ4ZFhg\" title=\"\" class=\"btn btn-style-default btn-shape-rectangle btn-size-default btn-icon-pos-right\">Istanbul Furniture Fair 2024<span class=\"wd-btn-icon\"><span class=\"wd-icon fa fa-solid fa-play\"><\/span><\/span><\/a><\/div>\t\t\t\n\t\t\t\n\t\t\t\t\t<\/div>\n\t\t<\/div><\/div><\/div><div class=\"wpb_column vc_column_container vc_col-sm-4\"><div class=\"vc_column-inner\"><div class=\"wpb_wrapper\">\t\t<div class=\"promo-banner-wrapper  wd-rs-695f917e2dfed\">\n\t\t\t<div id=\"wd-695f917e2dfed\" class=\"promo-banner  banner- banner-hover-none color-scheme-light banner-btn-size-default banner-btn-style-default  wd-underline-colored\">\n\t\t\t\t<div class=\"main-wrapp-img\">\n\t\t\t\t\t<div class=\"banner-image wd-bg-position-center\" >\n\t\t\t\t\t\t<img loading=\"lazy\" decoding=\"async\" width=\"1200\" height=\"600\" src=\"https:\/\/lenova.com.tr\/wp-content\/uploads\/2026\/01\/lenova-2023-fuar-thumb-080126-1.jpg\" class=\"attachment-full size-full\" alt=\"\" \/>\t\t\t\t\t<\/div>\n\t\t\t\t<\/div>\n\n\t\t\t\t<div class=\"wrapper-content-banner wd-fill  wd-items-top wd-justify-left\">\n\t\t\t\t\t<div class=\"content-banner  text-left\">\n\t\t\t\t\t\t\t\t\t\t\t\t\n\t\t\t\t\t\t\n\t\t\t\t\t\t\t\t\t\t\t<\/div>\n\t\t\t\t<\/div>\n\n\t\t\t\t\n\t\t\t\t\t\t\t<\/div>\n\t\t<\/div>\n\n\t\t\t\t<div class=\"wd-el-video wd-wpb wd-rs-695f91607a067 wd-action-action_button wd-video-youtube\">\n\t\t\t\n\t\t\t\t\t\t\t\t\t\t\t<div id=\"wd-695f91607a067\" class=\"wd-rs-695f91607a067  wd-button-wrapper text-center\"><a href=\"\/en\/www.youtube.com\/watch\/?v=CXxEi94x9lg\" title=\"\" class=\"btn btn-style-default btn-shape-rectangle btn-size-default btn-icon-pos-right\">Istanbul Furniture Fair 2023<span class=\"wd-btn-icon\"><span class=\"wd-icon fa fa-solid fa-play\"><\/span><\/span><\/a><\/div>\t\t\t\n\t\t\t\n\t\t\t\t\t<\/div>\n\t\t<\/div><\/div><\/div><div class=\"wpb_column vc_column_container vc_col-sm-4\"><div class=\"vc_column-inner\"><div class=\"wpb_wrapper\"><\/div><\/div><\/div><\/div><div class=\"vc_row-full-width vc_clearfix\"><\/div>\n<\/div>","protected":false},"excerpt":{"rendered":"Ana Sayfa \/ Fuarlar Fuarlar Istanbul Furniture Fair 2024 Istanbul Furniture Fair 2023","protected":false},"author":1,"featured_media":0,"parent":0,"menu_order":0,"comment_status":"closed","ping_status":"closed","template":"","meta":{"footnotes":""},"class_list":["post-228","page","type-page","status-publish","hentry"],"yoast_head":"<!-- This site is optimized with the Yoast SEO plugin v27.3 - https:\/\/yoast.com\/product\/yoast-seo-wordpress\/ -->\n<title>Fuarlar - Lenova Mobilya<\/title>\n<meta name=\"description\" content=\"Lenova Mobilya&#039;n\u0131n kat\u0131ld\u0131\u011f\u0131 ve yeni koleksiyonlar\u0131n\u0131 sergiledi\u011fi g\u00fcncel fuarlar\u0131 takip edin. Sekt\u00f6rdeki yeniliklerimizi yerinde g\u00f6rmek i\u00e7in t\u0131klay\u0131n.\" \/>\n<meta name=\"robots\" content=\"index, follow, max-snippet:-1, max-image-preview:large, max-video-preview:-1\" \/>\n<link rel=\"canonical\" href=\"https:\/\/lenova.com.tr\/en\/fairs\/\" \/>\n<meta property=\"og:locale\" content=\"en_US\" \/>\n<meta property=\"og:type\" content=\"article\" \/>\n<meta property=\"og:title\" content=\"Fuarlar - Lenova Mobilya\" \/>\n<meta property=\"og:description\" content=\"Lenova Mobilya&#039;n\u0131n kat\u0131ld\u0131\u011f\u0131 ve yeni koleksiyonlar\u0131n\u0131 sergiledi\u011fi g\u00fcncel fuarlar\u0131 takip edin. Sekt\u00f6rdeki yeniliklerimizi yerinde g\u00f6rmek i\u00e7in t\u0131klay\u0131n.\" \/>\n<meta property=\"og:url\" content=\"https:\/\/lenova.com.tr\/en\/fairs\/\" \/>\n<meta property=\"og:site_name\" content=\"Lenova Mobilya\" \/>\n<meta property=\"article:publisher\" content=\"https:\/\/www.facebook.com\/lenovamobilya\" \/>\n<meta property=\"article:modified_time\" content=\"2026-01-14T09:11:36+00:00\" \/>\n<meta name=\"twitter:card\" content=\"summary_large_image\" \/>\n<meta name=\"twitter:label1\" content=\"Est. reading time\" \/>\n\t<meta name=\"twitter:data1\" content=\"1 minute\" \/>\n<script type=\"application\/ld+json\" class=\"yoast-schema-graph\">{\"@context\":\"https:\\\/\\\/schema.org\",\"@graph\":[{\"@type\":\"WebPage\",\"@id\":\"https:\\\/\\\/lenova.com.tr\\\/fuarlar\\\/\",\"url\":\"https:\\\/\\\/lenova.com.tr\\\/fuarlar\\\/\",\"name\":\"Fuarlar - Lenova Mobilya\",\"isPartOf\":{\"@id\":\"https:\\\/\\\/lenova.com.tr\\\/#website\"},\"datePublished\":\"2025-11-13T07:27:51+00:00\",\"dateModified\":\"2026-01-14T09:11:36+00:00\",\"description\":\"Lenova Mobilya'n\u0131n kat\u0131ld\u0131\u011f\u0131 ve yeni koleksiyonlar\u0131n\u0131 sergiledi\u011fi g\u00fcncel fuarlar\u0131 takip edin. Sekt\u00f6rdeki yeniliklerimizi yerinde g\u00f6rmek i\u00e7in t\u0131klay\u0131n.\",\"breadcrumb\":{\"@id\":\"https:\\\/\\\/lenova.com.tr\\\/fuarlar\\\/#breadcrumb\"},\"inLanguage\":\"en-US\",\"potentialAction\":[{\"@type\":\"ReadAction\",\"target\":[\"https:\\\/\\\/lenova.com.tr\\\/fuarlar\\\/\"]}]},{\"@type\":\"BreadcrumbList\",\"@id\":\"https:\\\/\\\/lenova.com.tr\\\/fuarlar\\\/#breadcrumb\",\"itemListElement\":[{\"@type\":\"ListItem\",\"position\":1,\"name\":\"Anasayfa\",\"item\":\"https:\\\/\\\/lenova.com.tr\\\/\"},{\"@type\":\"ListItem\",\"position\":2,\"name\":\"Fuarlar\"}]},{\"@type\":\"WebSite\",\"@id\":\"https:\\\/\\\/lenova.com.tr\\\/#website\",\"url\":\"https:\\\/\\\/lenova.com.tr\\\/\",\"name\":\"Lenova Mobilya\",\"description\":\"\",\"publisher\":{\"@id\":\"https:\\\/\\\/lenova.com.tr\\\/#organization\"},\"potentialAction\":[{\"@type\":\"SearchAction\",\"target\":{\"@type\":\"EntryPoint\",\"urlTemplate\":\"https:\\\/\\\/lenova.com.tr\\\/?s={search_term_string}\"},\"query-input\":{\"@type\":\"PropertyValueSpecification\",\"valueRequired\":true,\"valueName\":\"search_term_string\"}}],\"inLanguage\":\"en-US\"},{\"@type\":\"Organization\",\"@id\":\"https:\\\/\\\/lenova.com.tr\\\/#organization\",\"name\":\"Lenova Mobilya\",\"url\":\"https:\\\/\\\/lenova.com.tr\\\/\",\"logo\":{\"@type\":\"ImageObject\",\"inLanguage\":\"en-US\",\"@id\":\"https:\\\/\\\/lenova.com.tr\\\/#\\\/schema\\\/logo\\\/image\\\/\",\"url\":\"https:\\\/\\\/lenova.com.tr\\\/wp-content\\\/uploads\\\/2025\\\/11\\\/lenova-black-logo-131125-1.png\",\"contentUrl\":\"https:\\\/\\\/lenova.com.tr\\\/wp-content\\\/uploads\\\/2025\\\/11\\\/lenova-black-logo-131125-1.png\",\"width\":380,\"height\":56,\"caption\":\"Lenova Mobilya\"},\"image\":{\"@id\":\"https:\\\/\\\/lenova.com.tr\\\/#\\\/schema\\\/logo\\\/image\\\/\"},\"sameAs\":[\"https:\\\/\\\/www.facebook.com\\\/lenovamobilya\"]}]}<\/script>\n<!-- \/ Yoast SEO plugin. -->","yoast_head_json":{"title":"Fuarlar - Lenova Mobilya","description":"Lenova Mobilya'n\u0131n kat\u0131ld\u0131\u011f\u0131 ve yeni koleksiyonlar\u0131n\u0131 sergiledi\u011fi g\u00fcncel fuarlar\u0131 takip edin. Sekt\u00f6rdeki yeniliklerimizi yerinde g\u00f6rmek i\u00e7in t\u0131klay\u0131n.","robots":{"index":"index","follow":"follow","max-snippet":"max-snippet:-1","max-image-preview":"max-image-preview:large","max-video-preview":"max-video-preview:-1"},"canonical":"https:\/\/lenova.com.tr\/en\/fairs\/","og_locale":"en_US","og_type":"article","og_title":"Fuarlar - Lenova Mobilya","og_description":"Lenova Mobilya'n\u0131n kat\u0131ld\u0131\u011f\u0131 ve yeni koleksiyonlar\u0131n\u0131 sergiledi\u011fi g\u00fcncel fuarlar\u0131 takip edin. Sekt\u00f6rdeki yeniliklerimizi yerinde g\u00f6rmek i\u00e7in t\u0131klay\u0131n.","og_url":"https:\/\/lenova.com.tr\/en\/fairs\/","og_site_name":"Lenova Mobilya","article_publisher":"https:\/\/www.facebook.com\/lenovamobilya","article_modified_time":"2026-01-14T09:11:36+00:00","twitter_card":"summary_large_image","twitter_misc":{"Est. reading time":"1 minute"},"schema":{"@context":"https:\/\/schema.org","@graph":[{"@type":"WebPage","@id":"https:\/\/lenova.com.tr\/fuarlar\/","url":"https:\/\/lenova.com.tr\/fuarlar\/","name":"Fuarlar - Lenova Mobilya","isPartOf":{"@id":"https:\/\/lenova.com.tr\/#website"},"datePublished":"2025-11-13T07:27:51+00:00","dateModified":"2026-01-14T09:11:36+00:00","description":"Lenova Mobilya'n\u0131n kat\u0131ld\u0131\u011f\u0131 ve yeni koleksiyonlar\u0131n\u0131 sergiledi\u011fi g\u00fcncel fuarlar\u0131 takip edin. Sekt\u00f6rdeki yeniliklerimizi yerinde g\u00f6rmek i\u00e7in t\u0131klay\u0131n.","breadcrumb":{"@id":"https:\/\/lenova.com.tr\/fuarlar\/#breadcrumb"},"inLanguage":"en-US","potentialAction":[{"@type":"ReadAction","target":["https:\/\/lenova.com.tr\/fuarlar\/"]}]},{"@type":"BreadcrumbList","@id":"https:\/\/lenova.com.tr\/fuarlar\/#breadcrumb","itemListElement":[{"@type":"ListItem","position":1,"name":"Anasayfa","item":"https:\/\/lenova.com.tr\/"},{"@type":"ListItem","position":2,"name":"Fuarlar"}]},{"@type":"WebSite","@id":"https:\/\/lenova.com.tr\/#website","url":"https:\/\/lenova.com.tr\/","name":"Lenova Mobilya","description":"","publisher":{"@id":"https:\/\/lenova.com.tr\/#organization"},"potentialAction":[{"@type":"SearchAction","target":{"@type":"EntryPoint","urlTemplate":"https:\/\/lenova.com.tr\/?s={search_term_string}"},"query-input":{"@type":"PropertyValueSpecification","valueRequired":true,"valueName":"search_term_string"}}],"inLanguage":"en-US"},{"@type":"Organization","@id":"https:\/\/lenova.com.tr\/#organization","name":"Lenova Mobilya","url":"https:\/\/lenova.com.tr\/","logo":{"@type":"ImageObject","inLanguage":"en-US","@id":"https:\/\/lenova.com.tr\/#\/schema\/logo\/image\/","url":"https:\/\/lenova.com.tr\/wp-content\/uploads\/2025\/11\/lenova-black-logo-131125-1.png","contentUrl":"https:\/\/lenova.com.tr\/wp-content\/uploads\/2025\/11\/lenova-black-logo-131125-1.png","width":380,"height":56,"caption":"Lenova Mobilya"},"image":{"@id":"https:\/\/lenova.com.tr\/#\/schema\/logo\/image\/"},"sameAs":["https:\/\/www.facebook.com\/lenovamobilya"]}]}},"_links":{"self":[{"href":"https:\/\/lenova.com.tr\/en\/wp-json\/wp\/v2\/pages\/228","targetHints":{"allow":["GET"]}}],"collection":[{"href":"https:\/\/lenova.com.tr\/en\/wp-json\/wp\/v2\/pages"}],"about":[{"href":"https:\/\/lenova.com.tr\/en\/wp-json\/wp\/v2\/types\/page"}],"author":[{"embeddable":true,"href":"https:\/\/lenova.com.tr\/en\/wp-json\/wp\/v2\/users\/1"}],"replies":[{"embeddable":true,"href":"https:\/\/lenova.com.tr\/en\/wp-json\/wp\/v2\/comments?post=228"}],"version-history":[{"count":15,"href":"https:\/\/lenova.com.tr\/en\/wp-json\/wp\/v2\/pages\/228\/revisions"}],"predecessor-version":[{"id":932,"href":"https:\/\/lenova.com.tr\/en\/wp-json\/wp\/v2\/pages\/228\/revisions\/932"}],"wp:attachment":[{"href":"https:\/\/lenova.com.tr\/en\/wp-json\/wp\/v2\/media?parent=228"}],"curies":[{"name":"wp","href":"https:\/\/api.w.org\/{rel}","templated":true}]}}