{"id":24,"date":"2025-11-12T10:13:48","date_gmt":"2025-11-12T10:13:48","guid":{"rendered":"https:\/\/lightpink-butterfly-919682.hostingersite.com\/?page_id=24"},"modified":"2026-03-15T23:27:32","modified_gmt":"2026-03-15T23:27:32","slug":"about-us","status":"publish","type":"page","link":"https:\/\/lenova.com.tr\/en\/about-us\/","title":{"rendered":"About Us"},"content":{"rendered":"<div class=\"wpb-content-wrapper\"><div id=\"fabrika-tanitim-row\" data-vc-full-width=\"true\" data-vc-full-width-temp=\"true\" data-vc-full-width-init=\"false\" data-vc-stretch-content=\"true\" class=\"vc_row wpb_row vc_row-fluid vc_row-no-padding wd-rs-69158e55a8c2d\"><div class=\"wpb_column vc_column_container vc_col-sm-12\"><div class=\"vc_column-inner\"><div class=\"wpb_wrapper\">\t\t<div class=\"promo-banner-wrapper  wd-rs-695f7f6f97cd3\">\n\t\t\t<div id=\"wd-695f7f6f97cd3\" class=\"promo-banner  banner- banner-hover-none color-scheme-light banner-btn-size-default banner-btn-style-default  wd-underline-colored\">\n\t\t\t\t<div class=\"main-wrapp-img\">\n\t\t\t\t\t<div class=\"banner-image wd-bg-position-center\" >\n\t\t\t\t\t\t<video src=\"https:\/\/lenova.com.tr\/wp-content\/uploads\/2026\/01\/lenova-tanitim-videosu-080126-1.mp4 \" autoplay muted loop playsinline><\/video>\t\t\t\t\t<\/div>\n\t\t\t\t<\/div>\n\n\t\t\t\t<div class=\"wrapper-content-banner wd-fill  wd-items-top wd-justify-left\">\n\t\t\t\t\t<div class=\"content-banner  text-left\">\n\t\t\t\t\t\t\t\t\t\t\t\t\n\t\t\t\t\t\t\n\t\t\t\t\t\t\t\t\t\t\t<\/div>\n\t\t\t\t<\/div>\n\n\t\t\t\t\n\t\t\t\t\t\t\t<\/div>\n\t\t<\/div>\n\n\t\t\t\t<div class=\"wd-el-video wd-wpb wd-rs-695f7cfc4aa84 wd-action-action_button wd-video-hosted\">\n\t\t\t\t\t\t\t<div class=\"wd-popup wd-with-video wd-video-popup mfp-hide\" id=\"69e43f0de309b\"><video data-lazy-load=\"https:\/\/lenova.com.tr\/wp-content\/uploads\/2026\/01\/lenova-tanitim-videosu-080126-1.mp4\" playsinline muted controls><\/video><\/div>\t\t\t\n\t\t\t\t\t\t\t\t\t\t\t<div id=\"wd-695f7cfc4aa84\" class=\"wd-rs-695f7cfc4aa84   wd-el-video-hosted wd-button-wrapper text-center\"><a href=\"#69e43f0de309b\" title=\"\" class=\"btn btn-style-default btn-shape-rectangle btn-size-default btn-icon-pos-left\">Watch the promotional video<span class=\"wd-btn-icon\"><span class=\"wd-icon fa fa-solid fa-video\"><\/span><\/span><\/a><\/div>\t\t\t\n\t\t\t\n\t\t\t\t\t<\/div>\n\t\t<\/div><\/div><\/div><\/div><div class=\"vc_row-full-width vc_clearfix\"><\/div><div id=\"text-row\" class=\"vc_row wpb_row vc_row-fluid vc_custom_1763020826023 wd-rs-6915901492ae1\"><div class=\"wpb_column vc_column_container vc_col-sm-12\"><div class=\"vc_column-inner\"><div class=\"wpb_wrapper\">\t\t<div id=\"wd-6915925f6b23e\" class=\"wd-text-block wd-wpb reset-last-child wd-rs-6915925f6b23e text-left\">\n\t\t\t<div class=\"hakkimizda-text-content\">\n<div class=\"row\">\n<h2>About Us<\/h2>\n<\/div>\n<div class=\"row\">\n<div class=\"spacer\"><\/div>\n<\/div>\n<div class=\"row\">\n<div class=\"subtitle\">Explore our journey<\/div>\n<p>Lenovo is located in \u0130neg\u00f6l, Bursa, a city often described as the \"furniture capital.\" It operates two factories in the city, totaling 16,000 m\u00b2 of indoor space and equipped with state-of-the-art machinery. Furthermore, it showcases its products in stores located in both stages of Mobiliyum, known as the \"365-day-a-year furniture fair.\" It transforms the production of furniture and armchairs, crafted with passion and meticulousness by skilled artisans, into an art form.<\/p>\n<\/div>\n<div class=\"row\">\n<div class=\"spacer\"><\/div>\n<\/div>\n<div class=\"row\">\n<p>Lenovo has gained both originality and customer trust through its meticulous approach and experience in the production process, as well as its continuous investments in design and R&amp;D. As a result, Lenovo continues to be one of the leading companies in its sector, exporting to approximately 70 different countries.<\/p>\n<\/div>\n<\/div>\n\t\t<\/div>\n\t\t<\/div><\/div><\/div><\/div><div id=\"fabrika-image-row\" data-vc-full-width=\"true\" data-vc-full-width-temp=\"true\" data-vc-full-width-init=\"false\" data-vc-stretch-content=\"true\" class=\"vc_row wpb_row vc_row-fluid vc_custom_1763022125092 vc_row-no-padding wd-rs-6915952931150\"><div class=\"wpb_column vc_column_container vc_col-sm-12\"><div class=\"vc_column-inner\"><div class=\"wpb_wrapper\">\t\t<div id=\"wd-69159222528a0\" class=\"wd-image wd-wpb wd-rs-69159222528a0 text-left\">\n\t\t\t\n\t\t\t<img loading=\"lazy\" decoding=\"async\" width=\"1920\" height=\"1287\" src=\"https:\/\/lenova.com.tr\/wp-content\/uploads\/2025\/11\/lenova-fabrika-img-131125-1.jpg\" class=\"attachment-full size-full\" alt=\"\" srcset=\"https:\/\/lenova.com.tr\/wp-content\/uploads\/2025\/11\/lenova-fabrika-img-131125-1.jpg 1920w, https:\/\/lenova.com.tr\/wp-content\/uploads\/2025\/11\/lenova-fabrika-img-131125-1-150x101.jpg 150w, https:\/\/lenova.com.tr\/wp-content\/uploads\/2025\/11\/lenova-fabrika-img-131125-1-300x201.jpg 300w, https:\/\/lenova.com.tr\/wp-content\/uploads\/2025\/11\/lenova-fabrika-img-131125-1-1024x686.jpg 1024w, https:\/\/lenova.com.tr\/wp-content\/uploads\/2025\/11\/lenova-fabrika-img-131125-1-768x515.jpg 768w, https:\/\/lenova.com.tr\/wp-content\/uploads\/2025\/11\/lenova-fabrika-img-131125-1-1536x1030.jpg 1536w, https:\/\/lenova.com.tr\/wp-content\/uploads\/2025\/11\/lenova-fabrika-img-131125-1-18x12.jpg 18w\" sizes=\"auto, (max-width: 1920px) 100vw, 1920px\" \/>\n\t\t\t\t\t<\/div>\n\t\t<\/div><\/div><\/div><\/div><div class=\"vc_row-full-width vc_clearfix\"><\/div>\n<\/div>","protected":false},"excerpt":{"rendered":"Tan\u0131t\u0131m Videosunu \u0130zleyin Hakk\u0131m\u0131zda Yolculu\u011fumuzu Ke\u015ffedin Lenova, \u201cmobilyan\u0131n ba\u015fkenti\u201d olarak nitelendirilen Bursa\u2019n\u0131n \u0130neg\u00f6l il\u00e7esinde yer almaktad\u0131r. Bu kentte toplam 16.000","protected":false},"author":1,"featured_media":0,"parent":0,"menu_order":0,"comment_status":"closed","ping_status":"closed","template":"","meta":{"footnotes":""},"class_list":["post-24","page","type-page","status-publish","hentry"],"yoast_head":"<!-- This site is optimized with the Yoast SEO plugin v27.3 - https:\/\/yoast.com\/product\/yoast-seo-wordpress\/ -->\n<title>Hakk\u0131m\u0131zda - Lenova Mobilya<\/title>\n<meta name=\"description\" content=\"Lenova Mobilya olarak y\u0131llar\u0131n verdi\u011fi tecr\u00fcbeyle ya\u015fam alanlar\u0131n\u0131za de\u011fer kat\u0131yoruz. Kalite anlay\u0131\u015f\u0131m\u0131z ve vizyonumuz hakk\u0131nda detayl\u0131 bilgi edinin.\" \/>\n<meta name=\"robots\" content=\"index, follow, max-snippet:-1, max-image-preview:large, max-video-preview:-1\" \/>\n<link rel=\"canonical\" href=\"https:\/\/lenova.com.tr\/en\/about-us\/\" \/>\n<meta property=\"og:locale\" content=\"en_US\" \/>\n<meta property=\"og:type\" content=\"article\" \/>\n<meta property=\"og:title\" content=\"Hakk\u0131m\u0131zda - Lenova Mobilya\" \/>\n<meta property=\"og:description\" content=\"Lenova Mobilya olarak y\u0131llar\u0131n verdi\u011fi tecr\u00fcbeyle ya\u015fam alanlar\u0131n\u0131za de\u011fer kat\u0131yoruz. Kalite anlay\u0131\u015f\u0131m\u0131z ve vizyonumuz hakk\u0131nda detayl\u0131 bilgi edinin.\" \/>\n<meta property=\"og:url\" content=\"https:\/\/lenova.com.tr\/en\/about-us\/\" \/>\n<meta property=\"og:site_name\" content=\"Lenova Mobilya\" \/>\n<meta property=\"article:publisher\" content=\"https:\/\/www.facebook.com\/lenovamobilya\" \/>\n<meta property=\"article:modified_time\" content=\"2026-03-15T23:27:32+00:00\" \/>\n<meta name=\"twitter:card\" content=\"summary_large_image\" \/>\n<meta name=\"twitter:label1\" content=\"Est. reading time\" \/>\n\t<meta name=\"twitter:data1\" content=\"2 minutes\" \/>\n<script type=\"application\/ld+json\" class=\"yoast-schema-graph\">{\"@context\":\"https:\\\/\\\/schema.org\",\"@graph\":[{\"@type\":\"WebPage\",\"@id\":\"https:\\\/\\\/lenova.com.tr\\\/hakkimizda\\\/\",\"url\":\"https:\\\/\\\/lenova.com.tr\\\/hakkimizda\\\/\",\"name\":\"Hakk\u0131m\u0131zda - Lenova Mobilya\",\"isPartOf\":{\"@id\":\"https:\\\/\\\/lenova.com.tr\\\/#website\"},\"datePublished\":\"2025-11-12T10:13:48+00:00\",\"dateModified\":\"2026-03-15T23:27:32+00:00\",\"description\":\"Lenova Mobilya olarak y\u0131llar\u0131n verdi\u011fi tecr\u00fcbeyle ya\u015fam alanlar\u0131n\u0131za de\u011fer kat\u0131yoruz. Kalite anlay\u0131\u015f\u0131m\u0131z ve vizyonumuz hakk\u0131nda detayl\u0131 bilgi edinin.\",\"breadcrumb\":{\"@id\":\"https:\\\/\\\/lenova.com.tr\\\/hakkimizda\\\/#breadcrumb\"},\"inLanguage\":\"en-US\",\"potentialAction\":[{\"@type\":\"ReadAction\",\"target\":[\"https:\\\/\\\/lenova.com.tr\\\/hakkimizda\\\/\"]}]},{\"@type\":\"BreadcrumbList\",\"@id\":\"https:\\\/\\\/lenova.com.tr\\\/hakkimizda\\\/#breadcrumb\",\"itemListElement\":[{\"@type\":\"ListItem\",\"position\":1,\"name\":\"Anasayfa\",\"item\":\"https:\\\/\\\/lenova.com.tr\\\/\"},{\"@type\":\"ListItem\",\"position\":2,\"name\":\"Hakk\u0131m\u0131zda\"}]},{\"@type\":\"WebSite\",\"@id\":\"https:\\\/\\\/lenova.com.tr\\\/#website\",\"url\":\"https:\\\/\\\/lenova.com.tr\\\/\",\"name\":\"Lenova Mobilya\",\"description\":\"\",\"publisher\":{\"@id\":\"https:\\\/\\\/lenova.com.tr\\\/#organization\"},\"potentialAction\":[{\"@type\":\"SearchAction\",\"target\":{\"@type\":\"EntryPoint\",\"urlTemplate\":\"https:\\\/\\\/lenova.com.tr\\\/?s={search_term_string}\"},\"query-input\":{\"@type\":\"PropertyValueSpecification\",\"valueRequired\":true,\"valueName\":\"search_term_string\"}}],\"inLanguage\":\"en-US\"},{\"@type\":\"Organization\",\"@id\":\"https:\\\/\\\/lenova.com.tr\\\/#organization\",\"name\":\"Lenova Mobilya\",\"url\":\"https:\\\/\\\/lenova.com.tr\\\/\",\"logo\":{\"@type\":\"ImageObject\",\"inLanguage\":\"en-US\",\"@id\":\"https:\\\/\\\/lenova.com.tr\\\/#\\\/schema\\\/logo\\\/image\\\/\",\"url\":\"https:\\\/\\\/lenova.com.tr\\\/wp-content\\\/uploads\\\/2025\\\/11\\\/lenova-black-logo-131125-1.png\",\"contentUrl\":\"https:\\\/\\\/lenova.com.tr\\\/wp-content\\\/uploads\\\/2025\\\/11\\\/lenova-black-logo-131125-1.png\",\"width\":380,\"height\":56,\"caption\":\"Lenova Mobilya\"},\"image\":{\"@id\":\"https:\\\/\\\/lenova.com.tr\\\/#\\\/schema\\\/logo\\\/image\\\/\"},\"sameAs\":[\"https:\\\/\\\/www.facebook.com\\\/lenovamobilya\"]}]}<\/script>\n<!-- \/ Yoast SEO plugin. -->","yoast_head_json":{"title":"Hakk\u0131m\u0131zda - Lenova Mobilya","description":"Lenova Mobilya olarak y\u0131llar\u0131n verdi\u011fi tecr\u00fcbeyle ya\u015fam alanlar\u0131n\u0131za de\u011fer kat\u0131yoruz. Kalite anlay\u0131\u015f\u0131m\u0131z ve vizyonumuz hakk\u0131nda detayl\u0131 bilgi edinin.","robots":{"index":"index","follow":"follow","max-snippet":"max-snippet:-1","max-image-preview":"max-image-preview:large","max-video-preview":"max-video-preview:-1"},"canonical":"https:\/\/lenova.com.tr\/en\/about-us\/","og_locale":"en_US","og_type":"article","og_title":"Hakk\u0131m\u0131zda - Lenova Mobilya","og_description":"Lenova Mobilya olarak y\u0131llar\u0131n verdi\u011fi tecr\u00fcbeyle ya\u015fam alanlar\u0131n\u0131za de\u011fer kat\u0131yoruz. Kalite anlay\u0131\u015f\u0131m\u0131z ve vizyonumuz hakk\u0131nda detayl\u0131 bilgi edinin.","og_url":"https:\/\/lenova.com.tr\/en\/about-us\/","og_site_name":"Lenova Mobilya","article_publisher":"https:\/\/www.facebook.com\/lenovamobilya","article_modified_time":"2026-03-15T23:27:32+00:00","twitter_card":"summary_large_image","twitter_misc":{"Est. reading time":"2 minutes"},"schema":{"@context":"https:\/\/schema.org","@graph":[{"@type":"WebPage","@id":"https:\/\/lenova.com.tr\/hakkimizda\/","url":"https:\/\/lenova.com.tr\/hakkimizda\/","name":"Hakk\u0131m\u0131zda - Lenova Mobilya","isPartOf":{"@id":"https:\/\/lenova.com.tr\/#website"},"datePublished":"2025-11-12T10:13:48+00:00","dateModified":"2026-03-15T23:27:32+00:00","description":"Lenova Mobilya olarak y\u0131llar\u0131n verdi\u011fi tecr\u00fcbeyle ya\u015fam alanlar\u0131n\u0131za de\u011fer kat\u0131yoruz. Kalite anlay\u0131\u015f\u0131m\u0131z ve vizyonumuz hakk\u0131nda detayl\u0131 bilgi edinin.","breadcrumb":{"@id":"https:\/\/lenova.com.tr\/hakkimizda\/#breadcrumb"},"inLanguage":"en-US","potentialAction":[{"@type":"ReadAction","target":["https:\/\/lenova.com.tr\/hakkimizda\/"]}]},{"@type":"BreadcrumbList","@id":"https:\/\/lenova.com.tr\/hakkimizda\/#breadcrumb","itemListElement":[{"@type":"ListItem","position":1,"name":"Anasayfa","item":"https:\/\/lenova.com.tr\/"},{"@type":"ListItem","position":2,"name":"Hakk\u0131m\u0131zda"}]},{"@type":"WebSite","@id":"https:\/\/lenova.com.tr\/#website","url":"https:\/\/lenova.com.tr\/","name":"Lenova Mobilya","description":"","publisher":{"@id":"https:\/\/lenova.com.tr\/#organization"},"potentialAction":[{"@type":"SearchAction","target":{"@type":"EntryPoint","urlTemplate":"https:\/\/lenova.com.tr\/?s={search_term_string}"},"query-input":{"@type":"PropertyValueSpecification","valueRequired":true,"valueName":"search_term_string"}}],"inLanguage":"en-US"},{"@type":"Organization","@id":"https:\/\/lenova.com.tr\/#organization","name":"Lenova Mobilya","url":"https:\/\/lenova.com.tr\/","logo":{"@type":"ImageObject","inLanguage":"en-US","@id":"https:\/\/lenova.com.tr\/#\/schema\/logo\/image\/","url":"https:\/\/lenova.com.tr\/wp-content\/uploads\/2025\/11\/lenova-black-logo-131125-1.png","contentUrl":"https:\/\/lenova.com.tr\/wp-content\/uploads\/2025\/11\/lenova-black-logo-131125-1.png","width":380,"height":56,"caption":"Lenova Mobilya"},"image":{"@id":"https:\/\/lenova.com.tr\/#\/schema\/logo\/image\/"},"sameAs":["https:\/\/www.facebook.com\/lenovamobilya"]}]}},"_links":{"self":[{"href":"https:\/\/lenova.com.tr\/en\/wp-json\/wp\/v2\/pages\/24","targetHints":{"allow":["GET"]}}],"collection":[{"href":"https:\/\/lenova.com.tr\/en\/wp-json\/wp\/v2\/pages"}],"about":[{"href":"https:\/\/lenova.com.tr\/en\/wp-json\/wp\/v2\/types\/page"}],"author":[{"embeddable":true,"href":"https:\/\/lenova.com.tr\/en\/wp-json\/wp\/v2\/users\/1"}],"replies":[{"embeddable":true,"href":"https:\/\/lenova.com.tr\/en\/wp-json\/wp\/v2\/comments?post=24"}],"version-history":[{"count":9,"href":"https:\/\/lenova.com.tr\/en\/wp-json\/wp\/v2\/pages\/24\/revisions"}],"predecessor-version":[{"id":915,"href":"https:\/\/lenova.com.tr\/en\/wp-json\/wp\/v2\/pages\/24\/revisions\/915"}],"wp:attachment":[{"href":"https:\/\/lenova.com.tr\/en\/wp-json\/wp\/v2\/media?parent=24"}],"curies":[{"name":"wp","href":"https:\/\/api.w.org\/{rel}","templated":true}]}}