{"id":26,"date":"2025-11-12T10:13:54","date_gmt":"2025-11-12T10:13:54","guid":{"rendered":"https:\/\/lightpink-butterfly-919682.hostingersite.com\/?page_id=26"},"modified":"2026-01-14T09:12:14","modified_gmt":"2026-01-14T09:12:14","slug":"contact","status":"publish","type":"page","link":"https:\/\/lenova.com.tr\/en\/contact\/","title":{"rendered":"Contact"},"content":{"rendered":"<div class=\"wpb-content-wrapper\"><div id=\"custom-page-banner\" data-vc-full-width=\"true\" data-vc-full-width-temp=\"true\" data-vc-full-width-init=\"false\" data-vc-stretch-content=\"true\" class=\"vc_row wpb_row vc_row-fluid vc_custom_1762947966913 vc_row-no-padding wd-rs-6914737421f5d\"><div class=\"wpb_column vc_column_container vc_col-sm-12\"><div class=\"vc_column-inner\"><div class=\"wpb_wrapper\">\t\t<div id=\"wd-67dc1b96bc161\" class=\"wd-text-block wd-wpb reset-last-child wd-rs-67dc1b96bc161 text-left\">\n\t\t\t<div class=\"custom-breadcrumb-content\">\n<p><a href=\"\/en\/\">Home Page<\/a><\/p>\n<div class=\"link-spacer\">\/<\/div>\n<p><a href=\"\/en\/contact\/\">Contact<\/a><\/p>\n<\/div>\n<div class=\"title-cont\">\n<h1>Contact<\/h1>\n<\/div>\n\t\t<\/div>\n\t\t<\/div><\/div><\/div><\/div><div class=\"vc_row-full-width vc_clearfix\"><\/div><div id=\"contact-row\" class=\"vc_row wpb_row vc_row-fluid wd-rs-6756ac89d62fa\"><div class=\"wpb_column vc_column_container vc_col-sm-6\"><div class=\"vc_column-inner\"><div class=\"wpb_wrapper\">\n\t<div class=\"wpb_text_column wpb_content_element\" >\n\t\t<div class=\"wpb_wrapper\">\n\t\t\t<div class=\"iletisim-text-content\">\n<h2>Lenova<\/h2>\n<h3>Contact Form<\/h3>\n<p>To get answers to your questions, please contact us by filling out the contact form.<\/p>\n<div class=\"links-container\"><label><br \/>\nShowroom;<br \/>\n<a href=\"https:\/\/maps.app.goo.gl\/56HjfYG9R8XHG7xn8\">Mobiliyum \u0130neg\u00f6l Mobilya AVM Yenicek\u00f6y Mah. Mobilya Cad. No 36-24 \u0130neg\u00f6l, Bursa, 16440 \u0130neg\u00f6l\/Bursa<\/a><br \/>\n<\/label><br \/>\n<label><br \/>\nTelephone (Store);<br \/>\n<a href=\"tel:+902247142006\">+90 224 714 20 06<\/a><br \/>\n<\/label><br \/>\n<label><br \/>\nMail (Store)<br \/>\n<a href=\"mailto:mobiliyum@lenovamobilya.com\">mobiliyum@lenovamobilya.com<\/a><br \/>\n<\/label><\/div>\n<\/div>\n\n\t\t<\/div>\n\t<\/div>\n<\/div><\/div><\/div><div class=\"wpb_column vc_column_container vc_col-sm-6\"><div class=\"vc_column-inner\"><div class=\"wpb_wrapper\">\n<div class=\"wpcf7 no-js\" id=\"wpcf7-f36-o1\" lang=\"tr-TR\" dir=\"ltr\" data-wpcf7-id=\"36\">\n<div class=\"screen-reader-response\"><p role=\"status\" aria-live=\"polite\" aria-atomic=\"true\"><\/p> <ul><\/ul><\/div>\n<form action=\"\/en\/wp-json\/wp\/v2\/pages\/26#wpcf7-f36-o1\" method=\"post\" class=\"wpcf7-form init\" aria-label=\"Contact Form\" novalidate=\"novalidate\" data-status=\"init\" data-trp-original-action=\"\/en\/wp-json\/wp\/v2\/pages\/26#wpcf7-f36-o1\">\n<fieldset class=\"hidden-fields-container\"><input type=\"hidden\" name=\"_wpcf7\" value=\"36\" \/><input type=\"hidden\" name=\"_wpcf7_version\" value=\"6.1.5\" \/><input type=\"hidden\" name=\"_wpcf7_locale\" value=\"tr_TR\" \/><input type=\"hidden\" name=\"_wpcf7_unit_tag\" value=\"wpcf7-f36-o1\" \/><input type=\"hidden\" name=\"_wpcf7_container_post\" value=\"0\" \/><input type=\"hidden\" name=\"_wpcf7_posted_data_hash\" value=\"\" \/>\n<\/fieldset>\n<p><label> Your name<br \/>\n<span class=\"wpcf7-form-control-wrap\" data-name=\"your-name\"><input size=\"40\" maxlength=\"400\" class=\"wpcf7-form-control wpcf7-text wpcf7-validates-as-required\" autocomplete=\"name\" aria-required=\"true\" aria-invalid=\"false\" value=\"\" type=\"text\" name=\"your-name\" \/><\/span> <\/label>\n<\/p>\n<p><label> Your email address<br \/>\n<span class=\"wpcf7-form-control-wrap\" data-name=\"your-email\"><input size=\"40\" maxlength=\"400\" class=\"wpcf7-form-control wpcf7-email wpcf7-validates-as-required wpcf7-text wpcf7-validates-as-email\" autocomplete=\"email\" aria-required=\"true\" aria-invalid=\"false\" value=\"\" type=\"email\" name=\"your-email\" \/><\/span> <\/label>\n<\/p>\n<p><label> Subject<br \/>\n<span class=\"wpcf7-form-control-wrap\" data-name=\"your-subject\"><input size=\"40\" maxlength=\"400\" class=\"wpcf7-form-control wpcf7-text wpcf7-validates-as-required\" aria-required=\"true\" aria-invalid=\"false\" value=\"\" type=\"text\" name=\"your-subject\" \/><\/span> <\/label>\n<\/p>\n<p><label> Your message (optional)<br \/>\n<span class=\"wpcf7-form-control-wrap\" data-name=\"your-message\"><textarea cols=\"40\" rows=\"10\" maxlength=\"2000\" class=\"wpcf7-form-control wpcf7-textarea\" aria-invalid=\"false\" name=\"your-message\"><\/textarea><\/span> <\/label>\n<\/p>\n<p><input class=\"wpcf7-form-control wpcf7-submit has-spinner\" type=\"submit\" value=\"Submit\" \/>\n<\/p><input type='hidden' class='wpcf7-pum' value='{\"closepopup\":false,\"closedelay\":0,\"openpopup\":false,\"openpopup_id\":0}' \/><div class=\"wpcf7-response-output\" aria-hidden=\"true\"><\/div>\n<input type=\"hidden\" name=\"trp-form-language\" value=\"en\"\/><\/form>\n<\/div>\n<\/div><\/div><\/div><\/div><div id=\"maps-row\" data-vc-full-width=\"true\" data-vc-full-width-temp=\"true\" data-vc-full-width-init=\"false\" data-vc-stretch-content=\"true\" class=\"vc_row wpb_row vc_row-fluid vc_row-no-padding wd-rs-690403454bcc4\"><div class=\"wpb_column vc_column_container vc_col-sm-12\"><div class=\"vc_column-inner\"><div class=\"wpb_wrapper\"><div class=\"wpb_gmaps_widget wpb_content_element\"><div class=\"wpb_wrapper\"><div class=\"wpb_map_wraper\"><iframe src=\"https:\/\/www.google.com\/maps\/embed?pb=!1m18!1m12!1m3!1d3051.1193340292025!2d29.443842!3d40.11734399999999!2m3!1f0!2f0!3f0!3m2!1i1024!2i768!4f13.1!3m3!1m2!1s0x14cbcb1faa5dc2bf%3A0xea9821f06e271bb7!2sLenova%20Mobilya%20-%20Mobiliyum!5e0!3m2!1str!2str!4v1762943243810!5m2!1str!2str\" width=\"100%\" height=\"450\" style=\"border:0;\" allowfullscreen=\"\" loading=\"lazy\" referrerpolicy=\"no-referrer-when-downgrade\"><\/iframe><\/div><\/div><\/div><\/div><\/div><\/div><\/div><div class=\"vc_row-full-width vc_clearfix\"><\/div>\n<\/div>","protected":false},"excerpt":{"rendered":"Ana Sayfa \/ \u0130leti\u015fim \u0130leti\u015fim Lenova \u0130leti\u015fim Formu Sorular\u0131n\u0131za cevap alabilmek i\u00e7in l\u00fctfen ileti\u015fim formunu doldurarak bizimle ileti\u015fime ge\u00e7in. Ma\u011faza;","protected":false},"author":1,"featured_media":0,"parent":0,"menu_order":0,"comment_status":"closed","ping_status":"closed","template":"","meta":{"footnotes":""},"class_list":["post-26","page","type-page","status-publish","hentry"],"yoast_head":"<!-- This site is optimized with the Yoast SEO plugin v27.3 - https:\/\/yoast.com\/product\/yoast-seo-wordpress\/ -->\n<title>\u0130leti\u015fim - Lenova Mobilya<\/title>\n<meta name=\"description\" content=\"Lenova Mobilya ile ileti\u015fime ge\u00e7in! Sorular\u0131n\u0131z, \u00f6nerileriniz veya destek talepleriniz i\u00e7in bize ula\u015f\u0131n. Ekibimiz size yard\u0131mc\u0131 olmaktan mutluluk duyar.\" \/>\n<meta name=\"robots\" content=\"index, follow, max-snippet:-1, max-image-preview:large, max-video-preview:-1\" \/>\n<link rel=\"canonical\" href=\"https:\/\/lenova.com.tr\/en\/contact\/\" \/>\n<meta property=\"og:locale\" content=\"en_US\" \/>\n<meta property=\"og:type\" content=\"article\" \/>\n<meta property=\"og:title\" content=\"\u0130leti\u015fim - Lenova Mobilya\" \/>\n<meta property=\"og:description\" content=\"Lenova Mobilya ile ileti\u015fime ge\u00e7in! Sorular\u0131n\u0131z, \u00f6nerileriniz veya destek talepleriniz i\u00e7in bize ula\u015f\u0131n. Ekibimiz size yard\u0131mc\u0131 olmaktan mutluluk duyar.\" \/>\n<meta property=\"og:url\" content=\"https:\/\/lenova.com.tr\/en\/contact\/\" \/>\n<meta property=\"og:site_name\" content=\"Lenova Mobilya\" \/>\n<meta property=\"article:publisher\" content=\"https:\/\/www.facebook.com\/lenovamobilya\" \/>\n<meta property=\"article:modified_time\" content=\"2026-01-14T09:12:14+00:00\" \/>\n<meta name=\"twitter:card\" content=\"summary_large_image\" \/>\n<meta name=\"twitter:label1\" content=\"Est. reading time\" \/>\n\t<meta name=\"twitter:data1\" content=\"1 minute\" \/>\n<script type=\"application\/ld+json\" class=\"yoast-schema-graph\">{\"@context\":\"https:\\\/\\\/schema.org\",\"@graph\":[{\"@type\":\"WebPage\",\"@id\":\"https:\\\/\\\/lenova.com.tr\\\/iletisim\\\/\",\"url\":\"https:\\\/\\\/lenova.com.tr\\\/iletisim\\\/\",\"name\":\"\u0130leti\u015fim - Lenova Mobilya\",\"isPartOf\":{\"@id\":\"https:\\\/\\\/lenova.com.tr\\\/#website\"},\"datePublished\":\"2025-11-12T10:13:54+00:00\",\"dateModified\":\"2026-01-14T09:12:14+00:00\",\"description\":\"Lenova Mobilya ile ileti\u015fime ge\u00e7in! Sorular\u0131n\u0131z, \u00f6nerileriniz veya destek talepleriniz i\u00e7in bize ula\u015f\u0131n. Ekibimiz size yard\u0131mc\u0131 olmaktan mutluluk duyar.\",\"breadcrumb\":{\"@id\":\"https:\\\/\\\/lenova.com.tr\\\/iletisim\\\/#breadcrumb\"},\"inLanguage\":\"en-US\",\"potentialAction\":[{\"@type\":\"ReadAction\",\"target\":[\"https:\\\/\\\/lenova.com.tr\\\/iletisim\\\/\"]}]},{\"@type\":\"BreadcrumbList\",\"@id\":\"https:\\\/\\\/lenova.com.tr\\\/iletisim\\\/#breadcrumb\",\"itemListElement\":[{\"@type\":\"ListItem\",\"position\":1,\"name\":\"Anasayfa\",\"item\":\"https:\\\/\\\/lenova.com.tr\\\/\"},{\"@type\":\"ListItem\",\"position\":2,\"name\":\"\u0130leti\u015fim\"}]},{\"@type\":\"WebSite\",\"@id\":\"https:\\\/\\\/lenova.com.tr\\\/#website\",\"url\":\"https:\\\/\\\/lenova.com.tr\\\/\",\"name\":\"Lenova Mobilya\",\"description\":\"\",\"publisher\":{\"@id\":\"https:\\\/\\\/lenova.com.tr\\\/#organization\"},\"potentialAction\":[{\"@type\":\"SearchAction\",\"target\":{\"@type\":\"EntryPoint\",\"urlTemplate\":\"https:\\\/\\\/lenova.com.tr\\\/?s={search_term_string}\"},\"query-input\":{\"@type\":\"PropertyValueSpecification\",\"valueRequired\":true,\"valueName\":\"search_term_string\"}}],\"inLanguage\":\"en-US\"},{\"@type\":\"Organization\",\"@id\":\"https:\\\/\\\/lenova.com.tr\\\/#organization\",\"name\":\"Lenova Mobilya\",\"url\":\"https:\\\/\\\/lenova.com.tr\\\/\",\"logo\":{\"@type\":\"ImageObject\",\"inLanguage\":\"en-US\",\"@id\":\"https:\\\/\\\/lenova.com.tr\\\/#\\\/schema\\\/logo\\\/image\\\/\",\"url\":\"https:\\\/\\\/lenova.com.tr\\\/wp-content\\\/uploads\\\/2025\\\/11\\\/lenova-black-logo-131125-1.png\",\"contentUrl\":\"https:\\\/\\\/lenova.com.tr\\\/wp-content\\\/uploads\\\/2025\\\/11\\\/lenova-black-logo-131125-1.png\",\"width\":380,\"height\":56,\"caption\":\"Lenova Mobilya\"},\"image\":{\"@id\":\"https:\\\/\\\/lenova.com.tr\\\/#\\\/schema\\\/logo\\\/image\\\/\"},\"sameAs\":[\"https:\\\/\\\/www.facebook.com\\\/lenovamobilya\"]}]}<\/script>\n<!-- \/ Yoast SEO plugin. -->","yoast_head_json":{"title":"\u0130leti\u015fim - Lenova Mobilya","description":"Lenova Mobilya ile ileti\u015fime ge\u00e7in! Sorular\u0131n\u0131z, \u00f6nerileriniz veya destek talepleriniz i\u00e7in bize ula\u015f\u0131n. Ekibimiz size yard\u0131mc\u0131 olmaktan mutluluk duyar.","robots":{"index":"index","follow":"follow","max-snippet":"max-snippet:-1","max-image-preview":"max-image-preview:large","max-video-preview":"max-video-preview:-1"},"canonical":"https:\/\/lenova.com.tr\/en\/contact\/","og_locale":"en_US","og_type":"article","og_title":"\u0130leti\u015fim - Lenova Mobilya","og_description":"Lenova Mobilya ile ileti\u015fime ge\u00e7in! Sorular\u0131n\u0131z, \u00f6nerileriniz veya destek talepleriniz i\u00e7in bize ula\u015f\u0131n. Ekibimiz size yard\u0131mc\u0131 olmaktan mutluluk duyar.","og_url":"https:\/\/lenova.com.tr\/en\/contact\/","og_site_name":"Lenova Mobilya","article_publisher":"https:\/\/www.facebook.com\/lenovamobilya","article_modified_time":"2026-01-14T09:12:14+00:00","twitter_card":"summary_large_image","twitter_misc":{"Est. reading time":"1 minute"},"schema":{"@context":"https:\/\/schema.org","@graph":[{"@type":"WebPage","@id":"https:\/\/lenova.com.tr\/iletisim\/","url":"https:\/\/lenova.com.tr\/iletisim\/","name":"\u0130leti\u015fim - Lenova Mobilya","isPartOf":{"@id":"https:\/\/lenova.com.tr\/#website"},"datePublished":"2025-11-12T10:13:54+00:00","dateModified":"2026-01-14T09:12:14+00:00","description":"Lenova Mobilya ile ileti\u015fime ge\u00e7in! Sorular\u0131n\u0131z, \u00f6nerileriniz veya destek talepleriniz i\u00e7in bize ula\u015f\u0131n. Ekibimiz size yard\u0131mc\u0131 olmaktan mutluluk duyar.","breadcrumb":{"@id":"https:\/\/lenova.com.tr\/iletisim\/#breadcrumb"},"inLanguage":"en-US","potentialAction":[{"@type":"ReadAction","target":["https:\/\/lenova.com.tr\/iletisim\/"]}]},{"@type":"BreadcrumbList","@id":"https:\/\/lenova.com.tr\/iletisim\/#breadcrumb","itemListElement":[{"@type":"ListItem","position":1,"name":"Anasayfa","item":"https:\/\/lenova.com.tr\/"},{"@type":"ListItem","position":2,"name":"\u0130leti\u015fim"}]},{"@type":"WebSite","@id":"https:\/\/lenova.com.tr\/#website","url":"https:\/\/lenova.com.tr\/","name":"Lenova Mobilya","description":"","publisher":{"@id":"https:\/\/lenova.com.tr\/#organization"},"potentialAction":[{"@type":"SearchAction","target":{"@type":"EntryPoint","urlTemplate":"https:\/\/lenova.com.tr\/?s={search_term_string}"},"query-input":{"@type":"PropertyValueSpecification","valueRequired":true,"valueName":"search_term_string"}}],"inLanguage":"en-US"},{"@type":"Organization","@id":"https:\/\/lenova.com.tr\/#organization","name":"Lenova Mobilya","url":"https:\/\/lenova.com.tr\/","logo":{"@type":"ImageObject","inLanguage":"en-US","@id":"https:\/\/lenova.com.tr\/#\/schema\/logo\/image\/","url":"https:\/\/lenova.com.tr\/wp-content\/uploads\/2025\/11\/lenova-black-logo-131125-1.png","contentUrl":"https:\/\/lenova.com.tr\/wp-content\/uploads\/2025\/11\/lenova-black-logo-131125-1.png","width":380,"height":56,"caption":"Lenova Mobilya"},"image":{"@id":"https:\/\/lenova.com.tr\/#\/schema\/logo\/image\/"},"sameAs":["https:\/\/www.facebook.com\/lenovamobilya"]}]}},"_links":{"self":[{"href":"https:\/\/lenova.com.tr\/en\/wp-json\/wp\/v2\/pages\/26","targetHints":{"allow":["GET"]}}],"collection":[{"href":"https:\/\/lenova.com.tr\/en\/wp-json\/wp\/v2\/pages"}],"about":[{"href":"https:\/\/lenova.com.tr\/en\/wp-json\/wp\/v2\/types\/page"}],"author":[{"embeddable":true,"href":"https:\/\/lenova.com.tr\/en\/wp-json\/wp\/v2\/users\/1"}],"replies":[{"embeddable":true,"href":"https:\/\/lenova.com.tr\/en\/wp-json\/wp\/v2\/comments?post=26"}],"version-history":[{"count":6,"href":"https:\/\/lenova.com.tr\/en\/wp-json\/wp\/v2\/pages\/26\/revisions"}],"predecessor-version":[{"id":34,"href":"https:\/\/lenova.com.tr\/en\/wp-json\/wp\/v2\/pages\/26\/revisions\/34"}],"wp:attachment":[{"href":"https:\/\/lenova.com.tr\/en\/wp-json\/wp\/v2\/media?parent=26"}],"curies":[{"name":"wp","href":"https:\/\/api.w.org\/{rel}","templated":true}]}}