{"id":1403,"date":"2026-03-31T10:06:32","date_gmt":"2026-03-31T10:06:32","guid":{"rendered":"https:\/\/lenova.com.tr\/?post_type=product&#038;p=1403"},"modified":"2026-03-31T10:06:32","modified_gmt":"2026-03-31T10:06:32","slug":"luna-sandalye-v2","status":"publish","type":"product","link":"https:\/\/lenova.com.tr\/en\/product\/luna-sandalye-v2\/","title":{"rendered":"Luna Sandalye V2"},"content":{"rendered":"<div class=\"wpb-content-wrapper\"><div id=\"product-title-row\" data-vc-full-width=\"true\" data-vc-full-width-temp=\"true\" data-vc-full-width-init=\"false\" data-vc-stretch-content=\"true\" class=\"vc_row wpb_row vc_row-fluid vc_row-no-padding wd-rs-69147a49a0b52\"><div class=\"wpb_column vc_column_container vc_col-sm-12\"><div class=\"vc_column-inner\"><div class=\"wpb_wrapper\">\t\t<div class=\"promo-banner-wrapper  wd-rs-69cb9c24091a4\">\n\t\t\t<div id=\"wd-69cb9c24091a4\" class=\"promo-banner  banner- banner-hover-none color-scheme-light banner-btn-size-default banner-btn-style-default  wd-underline-colored\">\n\t\t\t\t<div class=\"main-wrapp-img\">\n\t\t\t\t\t<div class=\"banner-image wd-bg-position-center\" >\n\t\t\t\t\t\t<img loading=\"lazy\" decoding=\"async\" width=\"1920\" height=\"900\" src=\"https:\/\/lenova.com.tr\/wp-content\/uploads\/2026\/03\/luna-yemek-odasi-310326-2-1920x900.jpg\" class=\"attachment-1920x900 size-1920x900\" alt=\"\" \/>\t\t\t\t\t<\/div>\n\t\t\t\t<\/div>\n\n\t\t\t\t<div class=\"wrapper-content-banner wd-fill  wd-items-middle wd-justify-center\">\n\t\t\t\t\t<div class=\"content-banner  text-center\">\n\t\t\t\t\t\t<h1 class=\"banner-title wd-font-weight- wd-fontsize-l\">Luna<\/h1>\t\t\t\t\t\t\n\t\t\t\t\t\t\n\t\t\t\t\t\t\t\t\t\t\t<\/div>\n\t\t\t\t<\/div>\n\n\t\t\t\t\n\t\t\t\t\t\t\t<\/div>\n\t\t<\/div>\n\n\t\t<\/div><\/div><\/div><\/div><div class=\"vc_row-full-width vc_clearfix\"><\/div><div id=\"text-row\" data-vc-full-width=\"true\" data-vc-full-width-temp=\"true\" data-vc-full-width-init=\"false\" data-vc-stretch-content=\"true\" class=\"vc_row wpb_row vc_row-fluid vc_row-no-padding wd-rs-69147cf930562\"><div class=\"wpb_column vc_column_container vc_col-sm-12\"><div class=\"vc_column-inner\"><div class=\"wpb_wrapper\">\t\t<div id=\"wd-69cb9c4519842\" class=\"wd-text-block wd-wpb reset-last-child wd-rs-69cb9c4519842 text-left\">\n\t\t\t<p style=\"text-align: center;\">Luna Sandalye V2, ay\u0131n o kusursuz d\u00f6ng\u00fcs\u00fcn\u00fc modern mobilya sanat\u0131n\u0131n en g\u00fcncel haliyle yeniden yorumluyor. V1 versiyonuna g\u00f6re daha sofistike hatlara ve rafine diki\u015f detaylar\u0131na sahip olan bu model; yemek masan\u0131z\u0131n etraf\u0131nda heykelsi bir duru\u015f sergiliyor. G\u00f6vdeyle b\u00fct\u00fcnle\u015fen kavisli s\u0131rt yap\u0131s\u0131 ve mekana hafiflik katan yeni nesil ayak tasar\u0131m\u0131yla, salonunuzda b\u00fcy\u00fcleyici bir g\u00f6rsel uyum yakal\u0131yor. Modern l\u00fcks\u00fc, ak\u0131\u015fkan bir zarafetle deneyimlemek isteyenler i\u00e7in&#8230;<\/p>\n\t\t<\/div>\n\t\t<\/div><\/div><\/div><\/div><div class=\"vc_row-full-width vc_clearfix\"><\/div><div id=\"images-row\" data-vc-full-width=\"true\" data-vc-full-width-temp=\"true\" data-vc-full-width-init=\"false\" data-vc-stretch-content=\"true\" class=\"vc_row wpb_row vc_row-fluid vc_row-no-padding wd-rs-69147d00b36c9\"><div class=\"wpb_column vc_column_container vc_col-sm-12\"><div class=\"vc_column-inner\"><div class=\"wpb_wrapper\">\t\t<div id=\"gallery_627\" class=\"wd-images-gallery wd-wpb wd-rs-69cb9c4c1c34d photoswipe-images wd-carousel-container wd-wpb\" style=\"--wd-justify-content:center;--wd-align-items:center;\">\n\t\t\t\t\t\t\t<div class=\"wd-carousel-inner\">\n\t\t\t\n\t\t\t<div class=\"wd-carousel wd-grid scroll-init\"data-scroll_per_page=\"yes\" style=\"--wd-col-lg:2.5;--wd-col-md:2;--wd-col-sm:1;--wd-gap-lg:10px;\">\n\t\t\t\t\t\t\t\t\t<div class=\"wd-carousel-wrap\">\n\t\t\t\t\n\t\t\t\t\t\t\t\t\t\t\t\t\t\t\t<div class=\"wd-gallery-item wd-carousel-item\">\n\t\t\t\t\t\t\t\t\t\t\t\t\t\t<a href=\"https:\/\/lenova.com.tr\/wp-content\/uploads\/2026\/03\/luna-yemek-odasi-310326-20.jpg\" data-elementor-open-lightbox=\"no\" data-index=\"1\" data-width=\"1920\" data-height=\"1440\" \n\t\t\t\t\t\t\t\t\t\t\t\t >\n\t\t\t\t\t\t\t\t\n\t\t\t\t\t\t\t\t<img loading=\"lazy\" decoding=\"async\" width=\"1920\" height=\"1280\" src=\"https:\/\/lenova.com.tr\/wp-content\/uploads\/2026\/03\/luna-yemek-odasi-310326-20-1920x1280.jpg\" class=\"wd-gallery-image image-1\" alt=\"\" srcset=\"https:\/\/lenova.com.tr\/wp-content\/uploads\/2026\/03\/luna-yemek-odasi-310326-20-1920x1280.jpg 1920w, https:\/\/lenova.com.tr\/wp-content\/uploads\/2026\/03\/luna-yemek-odasi-310326-20-16x12.jpg 16w\" sizes=\"auto, (max-width: 1920px) 100vw, 1920px\" \/>\n\t\t\t\t\t\t\t\t\t\t\t\t\t\t\t<\/a>\n\t\t\t\t\t\t\t\t\t\t\t\t<\/div>\n\t\t\t\t\t\t\t\t\t\t\t<div class=\"wd-gallery-item wd-carousel-item\">\n\t\t\t\t\t\t\t\t\t\t\t\t\t\t<a href=\"https:\/\/lenova.com.tr\/wp-content\/uploads\/2026\/03\/luna-yemek-odasi-310326-21.jpg\" data-elementor-open-lightbox=\"no\" data-index=\"2\" data-width=\"1920\" data-height=\"1440\" \n\t\t\t\t\t\t\t\t\t\t\t\t >\n\t\t\t\t\t\t\t\t\n\t\t\t\t\t\t\t\t<img loading=\"lazy\" decoding=\"async\" width=\"1920\" height=\"1280\" src=\"https:\/\/lenova.com.tr\/wp-content\/uploads\/2026\/03\/luna-yemek-odasi-310326-21-1920x1280.jpg\" class=\"wd-gallery-image image-2\" alt=\"\" srcset=\"https:\/\/lenova.com.tr\/wp-content\/uploads\/2026\/03\/luna-yemek-odasi-310326-21-1920x1280.jpg 1920w, https:\/\/lenova.com.tr\/wp-content\/uploads\/2026\/03\/luna-yemek-odasi-310326-21-16x12.jpg 16w\" sizes=\"auto, (max-width: 1920px) 100vw, 1920px\" \/>\n\t\t\t\t\t\t\t\t\t\t\t\t\t\t\t<\/a>\n\t\t\t\t\t\t\t\t\t\t\t\t<\/div>\n\t\t\t\t\t\t\t\t\t\t\t<div class=\"wd-gallery-item wd-carousel-item\">\n\t\t\t\t\t\t\t\t\t\t\t\t\t\t<a href=\"https:\/\/lenova.com.tr\/wp-content\/uploads\/2026\/03\/luna-yemek-odasi-310326-22.jpg\" data-elementor-open-lightbox=\"no\" data-index=\"3\" data-width=\"1920\" data-height=\"1440\" \n\t\t\t\t\t\t\t\t\t\t\t\t >\n\t\t\t\t\t\t\t\t\n\t\t\t\t\t\t\t\t<img loading=\"lazy\" decoding=\"async\" width=\"1920\" height=\"1280\" src=\"https:\/\/lenova.com.tr\/wp-content\/uploads\/2026\/03\/luna-yemek-odasi-310326-22-1920x1280.jpg\" class=\"wd-gallery-image image-3\" alt=\"\" srcset=\"https:\/\/lenova.com.tr\/wp-content\/uploads\/2026\/03\/luna-yemek-odasi-310326-22-1920x1280.jpg 1920w, https:\/\/lenova.com.tr\/wp-content\/uploads\/2026\/03\/luna-yemek-odasi-310326-22-16x12.jpg 16w\" sizes=\"auto, (max-width: 1920px) 100vw, 1920px\" \/>\n\t\t\t\t\t\t\t\t\t\t\t\t\t\t\t<\/a>\n\t\t\t\t\t\t\t\t\t\t\t\t<\/div>\n\t\t\t\t\t\t\t\t\t\t\t<div class=\"wd-gallery-item wd-carousel-item\">\n\t\t\t\t\t\t\t\t\t\t\t\t\t\t<a href=\"https:\/\/lenova.com.tr\/wp-content\/uploads\/2026\/03\/luna-yemek-odasi-310326-23.jpg\" data-elementor-open-lightbox=\"no\" data-index=\"4\" data-width=\"1920\" data-height=\"1440\" \n\t\t\t\t\t\t\t\t\t\t\t\t >\n\t\t\t\t\t\t\t\t\n\t\t\t\t\t\t\t\t<img loading=\"lazy\" decoding=\"async\" width=\"1920\" height=\"1280\" src=\"https:\/\/lenova.com.tr\/wp-content\/uploads\/2026\/03\/luna-yemek-odasi-310326-23-1920x1280.jpg\" class=\"wd-gallery-image image-4\" alt=\"\" srcset=\"https:\/\/lenova.com.tr\/wp-content\/uploads\/2026\/03\/luna-yemek-odasi-310326-23-1920x1280.jpg 1920w, https:\/\/lenova.com.tr\/wp-content\/uploads\/2026\/03\/luna-yemek-odasi-310326-23-16x12.jpg 16w\" sizes=\"auto, (max-width: 1920px) 100vw, 1920px\" \/>\n\t\t\t\t\t\t\t\t\t\t\t\t\t\t\t<\/a>\n\t\t\t\t\t\t\t\t\t\t\t\t<\/div>\n\t\t\t\t\t\t\t\t\t\n\t\t\t\t\t\t\t\t\t<\/div>\n\t\t\t\t\t\t\t<\/div>\n\n\t\t\t\t\t\t\t\n\t\t\t\t<\/div>\n\n\t\t\t\t\t\t\t\t\t\t\t\t\t<\/div>\n\t\t<\/div><\/div><\/div><\/div><div class=\"vc_row-full-width vc_clearfix\"><\/div><div id=\"tabs-row\" data-vc-full-width=\"true\" data-vc-full-width-temp=\"true\" data-vc-full-width-init=\"false\" data-vc-stretch-content=\"true\" class=\"vc_row wpb_row vc_row-fluid vc_row-no-padding wd-rs-69147d0dc8674\"><div class=\"wpb_column vc_column_container vc_col-sm-12\"><div class=\"vc_column-inner\"><div class=\"wpb_wrapper\">\t\t<div id=\"wd-69cb9c66b7e55\" class=\"wd-text-block wd-wpb reset-last-child wd-rs-69cb9c66b7e55 text-left\">\n\t\t\t\n\t\t<div id=\"wd-\" class=\"wd-tabs wd-wpb tabs-design-default\">\n\t\t\t<div class=\"wd-tabs-header text-center\">\n\t\t\t\t\t\t\t\t\t<div class=\"tabs-name title\">\n\t\t\t\t\t\t\t\t\t\t\t\t<span class=\"tabs-text\">Technical Specifications<\/span>\n\t\t\t\t\t<\/div>\n\t\t\t\t\n\t\t\t\t\n\t\t\t\t<div class=\"wd-nav-wrapper wd-nav-tabs-wrapper\">\n\t\t\t\t\t<ul class=\"wd-nav wd-nav-tabs wd-icon-pos-left wd-style-default font-primary wd-fontsize-s wd-font-weight-600\">\n\t\t\t\t\t\t\t\t\t\t\t\t\t\n\t\t\t\t\t\t\t<li>\n\t\t\t\t\t\t\t\t<a href=\"#\" class=\"wd-nav-link\">\n\t\t\t\t\t\t\t\t\t\t\t\t\t\t\t\t\t\t<span class=\"nav-link-text wd-tabs-title\">\n\t\t\t\t\t\t\t\t\t\tDownloads\t\t\t\t\t\t\t\t\t<\/span>\n\t\t\t\t\t\t\t\t<\/a>\n\t\t\t\t\t\t\t<\/li>\n\n\t\t\t\t\t\t\n\t\t\t\t\t<\/ul>\n\t\t\t\t<\/div>\n\t\t\t<\/div>\n\n\t\t\t<div class=\"wd-tabs-content-wrapper\">\n\t\t\t\t<style>\n            .pf-gallery-card { background: #fff; border: 1px solid #f1f1f1; border-radius: 8px; padding: 10px; margin-bottom: 12px; width: 100%; display: flex; justify-content: center; align-items: center; transition: all 0.3s ease; }\n            .pf-gallery-card:hover { border-color: #ddd; }\n            .pf-gallery-card img { max-width: 100%; height: auto; display: block; margin: 0 auto; object-fit: contain; }\n            .pf-item-title { margin: 0; font-weight: 600; font-size: 16px; color: #333; text-align: center; width: 100%; line-height: 1.2; }\n        <\/style>\n\t\t<div class=\"wd-tab-content\">\n\t\t\t\t\t\t\t<div class=\"wd-entry-content\">\n\t\t\t\t\t<div class=\"pf-download-buttons\" style=\"display: flex; gap: 15px; padding: 20px 0; flex-wrap: wrap;\"><a href=\"https:\/\/lenova.com.tr\/wp-content\/uploads\/product-files\/luna-3d-300326.zip\" class=\"btn btn-color-primary btn-style-default btn-size-medium\" download>3D Dosyas\u0131n\u0131 \u0130ndir<\/a><a href=\"https:\/\/lenova.com.tr\/wp-content\/uploads\/product-files\/luna-2d.dwg_.zip\" class=\"btn btn-color-primary btn-style-default btn-size-medium\" download>Download the 2D file.<\/a><a href=\"https:\/\/lenova.com.tr\/wp-content\/uploads\/product-files\/luna-detail-sheet-210126-1.pdf\" class=\"btn btn-color-black btn-style-default btn-size-medium\" target=\"_blank\">Detail Sheet (PDF)<\/a><\/div>\t\t\t\t<\/div>\n\t\t\t\t\t<\/div>\n\n\t\t\t\t\t<\/div>\n\t\t<\/div>\n\n\t\t\n\t\t<\/div>\n\t\t<\/div><\/div><\/div><\/div><div class=\"vc_row-full-width vc_clearfix\"><\/div>\n<\/div>","protected":false},"excerpt":{"rendered":"Luna Luna Sandalye V2, ay\u0131n o kusursuz d\u00f6ng\u00fcs\u00fcn\u00fc modern mobilya sanat\u0131n\u0131n en g\u00fcncel haliyle yeniden yorumluyor. V1 versiyonuna g\u00f6re daha","protected":false},"featured_media":1386,"comment_status":"open","ping_status":"closed","template":"","meta":[],"product_brand":[],"product_cat":[43,32],"product_tag":[],"class_list":{"0":"post-1403","1":"product","2":"type-product","3":"status-publish","4":"has-post-thumbnail","6":"product_cat-luna-koleksiyonu","7":"product_cat-sandalyeler","9":"first","10":"instock","11":"shipping-taxable","12":"product-type-simple"},"yoast_head":"<!-- This site is optimized with the Yoast SEO plugin v27.3 - https:\/\/yoast.com\/product\/yoast-seo-wordpress\/ -->\n<title>Luna Sandalye V2 - Lenova Mobilya<\/title>\n<meta name=\"robots\" content=\"index, follow, max-snippet:-1, max-image-preview:large, max-video-preview:-1\" \/>\n<link rel=\"canonical\" href=\"https:\/\/lenova.com.tr\/en\/product\/luna-sandalye-v2\/\" \/>\n<meta property=\"og:locale\" content=\"en_US\" \/>\n<meta property=\"og:type\" content=\"article\" \/>\n<meta property=\"og:title\" content=\"Luna Sandalye V2 - Lenova Mobilya\" \/>\n<meta property=\"og:url\" content=\"https:\/\/lenova.com.tr\/en\/product\/luna-sandalye-v2\/\" \/>\n<meta property=\"og:site_name\" content=\"Lenova Mobilya\" \/>\n<meta property=\"article:publisher\" content=\"https:\/\/www.facebook.com\/lenovamobilya\" \/>\n<meta property=\"og:image\" content=\"https:\/\/lenova.com.tr\/wp-content\/uploads\/2026\/03\/luna-yemek-odasi-310326-20.jpg\" \/>\n\t<meta property=\"og:image:width\" content=\"1920\" \/>\n\t<meta property=\"og:image:height\" content=\"1440\" \/>\n\t<meta property=\"og:image:type\" content=\"image\/jpeg\" \/>\n<meta name=\"twitter:card\" content=\"summary_large_image\" \/>\n<meta name=\"twitter:label1\" content=\"Est. reading time\" \/>\n\t<meta name=\"twitter:data1\" content=\"9 minutes\" \/>\n<script type=\"application\/ld+json\" class=\"yoast-schema-graph\">{\"@context\":\"https:\\\/\\\/schema.org\",\"@graph\":[{\"@type\":\"WebPage\",\"@id\":\"https:\\\/\\\/lenova.com.tr\\\/urun\\\/luna-sandalye-v2\\\/\",\"url\":\"https:\\\/\\\/lenova.com.tr\\\/urun\\\/luna-sandalye-v2\\\/\",\"name\":\"Luna Sandalye V2 - Lenova Mobilya\",\"isPartOf\":{\"@id\":\"https:\\\/\\\/lenova.com.tr\\\/#website\"},\"primaryImageOfPage\":{\"@id\":\"https:\\\/\\\/lenova.com.tr\\\/urun\\\/luna-sandalye-v2\\\/#primaryimage\"},\"image\":{\"@id\":\"https:\\\/\\\/lenova.com.tr\\\/urun\\\/luna-sandalye-v2\\\/#primaryimage\"},\"thumbnailUrl\":\"https:\\\/\\\/lenova.com.tr\\\/wp-content\\\/uploads\\\/2026\\\/03\\\/luna-yemek-odasi-310326-20.jpg\",\"datePublished\":\"2026-03-31T10:06:32+00:00\",\"breadcrumb\":{\"@id\":\"https:\\\/\\\/lenova.com.tr\\\/urun\\\/luna-sandalye-v2\\\/#breadcrumb\"},\"inLanguage\":\"en-US\",\"potentialAction\":[{\"@type\":\"ReadAction\",\"target\":[\"https:\\\/\\\/lenova.com.tr\\\/urun\\\/luna-sandalye-v2\\\/\"]}]},{\"@type\":\"ImageObject\",\"inLanguage\":\"en-US\",\"@id\":\"https:\\\/\\\/lenova.com.tr\\\/urun\\\/luna-sandalye-v2\\\/#primaryimage\",\"url\":\"https:\\\/\\\/lenova.com.tr\\\/wp-content\\\/uploads\\\/2026\\\/03\\\/luna-yemek-odasi-310326-20.jpg\",\"contentUrl\":\"https:\\\/\\\/lenova.com.tr\\\/wp-content\\\/uploads\\\/2026\\\/03\\\/luna-yemek-odasi-310326-20.jpg\",\"width\":1920,\"height\":1440},{\"@type\":\"BreadcrumbList\",\"@id\":\"https:\\\/\\\/lenova.com.tr\\\/urun\\\/luna-sandalye-v2\\\/#breadcrumb\",\"itemListElement\":[{\"@type\":\"ListItem\",\"position\":1,\"name\":\"Anasayfa\",\"item\":\"https:\\\/\\\/lenova.com.tr\\\/\"},{\"@type\":\"ListItem\",\"position\":2,\"name\":\"\u00dcr\u00fcnler\",\"item\":\"https:\\\/\\\/lenova.com.tr\\\/shop\\\/\"},{\"@type\":\"ListItem\",\"position\":3,\"name\":\"Luna Sandalye V2\"}]},{\"@type\":\"WebSite\",\"@id\":\"https:\\\/\\\/lenova.com.tr\\\/#website\",\"url\":\"https:\\\/\\\/lenova.com.tr\\\/\",\"name\":\"Lenova Mobilya\",\"description\":\"\",\"publisher\":{\"@id\":\"https:\\\/\\\/lenova.com.tr\\\/#organization\"},\"potentialAction\":[{\"@type\":\"SearchAction\",\"target\":{\"@type\":\"EntryPoint\",\"urlTemplate\":\"https:\\\/\\\/lenova.com.tr\\\/?s={search_term_string}\"},\"query-input\":{\"@type\":\"PropertyValueSpecification\",\"valueRequired\":true,\"valueName\":\"search_term_string\"}}],\"inLanguage\":\"en-US\"},{\"@type\":\"Organization\",\"@id\":\"https:\\\/\\\/lenova.com.tr\\\/#organization\",\"name\":\"Lenova Mobilya\",\"url\":\"https:\\\/\\\/lenova.com.tr\\\/\",\"logo\":{\"@type\":\"ImageObject\",\"inLanguage\":\"en-US\",\"@id\":\"https:\\\/\\\/lenova.com.tr\\\/#\\\/schema\\\/logo\\\/image\\\/\",\"url\":\"https:\\\/\\\/lenova.com.tr\\\/wp-content\\\/uploads\\\/2025\\\/11\\\/lenova-black-logo-131125-1.png\",\"contentUrl\":\"https:\\\/\\\/lenova.com.tr\\\/wp-content\\\/uploads\\\/2025\\\/11\\\/lenova-black-logo-131125-1.png\",\"width\":380,\"height\":56,\"caption\":\"Lenova Mobilya\"},\"image\":{\"@id\":\"https:\\\/\\\/lenova.com.tr\\\/#\\\/schema\\\/logo\\\/image\\\/\"},\"sameAs\":[\"https:\\\/\\\/www.facebook.com\\\/lenovamobilya\"]}]}<\/script>\n<!-- \/ Yoast SEO plugin. -->","yoast_head_json":{"title":"Luna Sandalye V2 - Lenova Mobilya","robots":{"index":"index","follow":"follow","max-snippet":"max-snippet:-1","max-image-preview":"max-image-preview:large","max-video-preview":"max-video-preview:-1"},"canonical":"https:\/\/lenova.com.tr\/en\/product\/luna-sandalye-v2\/","og_locale":"en_US","og_type":"article","og_title":"Luna Sandalye V2 - Lenova Mobilya","og_url":"https:\/\/lenova.com.tr\/en\/product\/luna-sandalye-v2\/","og_site_name":"Lenova Mobilya","article_publisher":"https:\/\/www.facebook.com\/lenovamobilya","og_image":[{"width":1920,"height":1440,"url":"https:\/\/lenova.com.tr\/wp-content\/uploads\/2026\/03\/luna-yemek-odasi-310326-20.jpg","type":"image\/jpeg"}],"twitter_card":"summary_large_image","twitter_misc":{"Est. reading time":"9 minutes"},"schema":{"@context":"https:\/\/schema.org","@graph":[{"@type":"WebPage","@id":"https:\/\/lenova.com.tr\/urun\/luna-sandalye-v2\/","url":"https:\/\/lenova.com.tr\/urun\/luna-sandalye-v2\/","name":"Luna Sandalye V2 - Lenova Mobilya","isPartOf":{"@id":"https:\/\/lenova.com.tr\/#website"},"primaryImageOfPage":{"@id":"https:\/\/lenova.com.tr\/urun\/luna-sandalye-v2\/#primaryimage"},"image":{"@id":"https:\/\/lenova.com.tr\/urun\/luna-sandalye-v2\/#primaryimage"},"thumbnailUrl":"https:\/\/lenova.com.tr\/wp-content\/uploads\/2026\/03\/luna-yemek-odasi-310326-20.jpg","datePublished":"2026-03-31T10:06:32+00:00","breadcrumb":{"@id":"https:\/\/lenova.com.tr\/urun\/luna-sandalye-v2\/#breadcrumb"},"inLanguage":"en-US","potentialAction":[{"@type":"ReadAction","target":["https:\/\/lenova.com.tr\/urun\/luna-sandalye-v2\/"]}]},{"@type":"ImageObject","inLanguage":"en-US","@id":"https:\/\/lenova.com.tr\/urun\/luna-sandalye-v2\/#primaryimage","url":"https:\/\/lenova.com.tr\/wp-content\/uploads\/2026\/03\/luna-yemek-odasi-310326-20.jpg","contentUrl":"https:\/\/lenova.com.tr\/wp-content\/uploads\/2026\/03\/luna-yemek-odasi-310326-20.jpg","width":1920,"height":1440},{"@type":"BreadcrumbList","@id":"https:\/\/lenova.com.tr\/urun\/luna-sandalye-v2\/#breadcrumb","itemListElement":[{"@type":"ListItem","position":1,"name":"Anasayfa","item":"https:\/\/lenova.com.tr\/"},{"@type":"ListItem","position":2,"name":"\u00dcr\u00fcnler","item":"https:\/\/lenova.com.tr\/shop\/"},{"@type":"ListItem","position":3,"name":"Luna Sandalye V2"}]},{"@type":"WebSite","@id":"https:\/\/lenova.com.tr\/#website","url":"https:\/\/lenova.com.tr\/","name":"Lenova Mobilya","description":"","publisher":{"@id":"https:\/\/lenova.com.tr\/#organization"},"potentialAction":[{"@type":"SearchAction","target":{"@type":"EntryPoint","urlTemplate":"https:\/\/lenova.com.tr\/?s={search_term_string}"},"query-input":{"@type":"PropertyValueSpecification","valueRequired":true,"valueName":"search_term_string"}}],"inLanguage":"en-US"},{"@type":"Organization","@id":"https:\/\/lenova.com.tr\/#organization","name":"Lenova Mobilya","url":"https:\/\/lenova.com.tr\/","logo":{"@type":"ImageObject","inLanguage":"en-US","@id":"https:\/\/lenova.com.tr\/#\/schema\/logo\/image\/","url":"https:\/\/lenova.com.tr\/wp-content\/uploads\/2025\/11\/lenova-black-logo-131125-1.png","contentUrl":"https:\/\/lenova.com.tr\/wp-content\/uploads\/2025\/11\/lenova-black-logo-131125-1.png","width":380,"height":56,"caption":"Lenova Mobilya"},"image":{"@id":"https:\/\/lenova.com.tr\/#\/schema\/logo\/image\/"},"sameAs":["https:\/\/www.facebook.com\/lenovamobilya"]}]}},"_links":{"self":[{"href":"https:\/\/lenova.com.tr\/en\/wp-json\/wp\/v2\/product\/1403","targetHints":{"allow":["GET"]}}],"collection":[{"href":"https:\/\/lenova.com.tr\/en\/wp-json\/wp\/v2\/product"}],"about":[{"href":"https:\/\/lenova.com.tr\/en\/wp-json\/wp\/v2\/types\/product"}],"replies":[{"embeddable":true,"href":"https:\/\/lenova.com.tr\/en\/wp-json\/wp\/v2\/comments?post=1403"}],"wp:featuredmedia":[{"embeddable":true,"href":"https:\/\/lenova.com.tr\/en\/wp-json\/wp\/v2\/media\/1386"}],"wp:attachment":[{"href":"https:\/\/lenova.com.tr\/en\/wp-json\/wp\/v2\/media?parent=1403"}],"wp:term":[{"taxonomy":"product_brand","embeddable":true,"href":"https:\/\/lenova.com.tr\/en\/wp-json\/wp\/v2\/product_brand?post=1403"},{"taxonomy":"product_cat","embeddable":true,"href":"https:\/\/lenova.com.tr\/en\/wp-json\/wp\/v2\/product_cat?post=1403"},{"taxonomy":"product_tag","embeddable":true,"href":"https:\/\/lenova.com.tr\/en\/wp-json\/wp\/v2\/product_tag?post=1403"}],"curies":[{"name":"wp","href":"https:\/\/api.w.org\/{rel}","templated":true}]}}