{"id":647,"date":"2025-12-30T14:52:01","date_gmt":"2025-12-30T14:52:01","guid":{"rendered":"https:\/\/lightpink-butterfly-919682.hostingersite.com\/?post_type=product&#038;p=647"},"modified":"2026-03-31T08:43:36","modified_gmt":"2026-03-31T08:43:36","slug":"miro-konsol","status":"publish","type":"product","link":"https:\/\/lenova.com.tr\/ru\/tovar\/miro-konsol\/","title":{"rendered":"Miro Konsol"},"content":{"rendered":"<div class=\"wpb-content-wrapper\"><div id=\"product-title-row\" data-vc-full-width=\"true\" data-vc-full-width-temp=\"true\" data-vc-full-width-init=\"false\" data-vc-stretch-content=\"true\" class=\"vc_row wpb_row vc_row-fluid vc_row-no-padding wd-rs-69147a49a0b52\"><div class=\"wpb_column vc_column_container vc_col-sm-12\"><div class=\"vc_column-inner\"><div class=\"wpb_wrapper\">\t\t<div class=\"promo-banner-wrapper  wd-rs-6953e64fce321\">\n\t\t\t<div id=\"wd-6953e64fce321\" class=\"promo-banner  banner- banner-hover-none color-scheme-light banner-btn-size-default banner-btn-style-default  wd-underline-colored\">\n\t\t\t\t<div class=\"main-wrapp-img\">\n\t\t\t\t\t<div class=\"banner-image wd-bg-position-center\" >\n\t\t\t\t\t\t<img loading=\"lazy\" decoding=\"async\" width=\"1920\" height=\"900\" src=\"https:\/\/lenova.com.tr\/wp-content\/uploads\/2025\/12\/miro-yemek-odasi-301225-3-1920x900.jpg\" class=\"attachment-1920x900 size-1920x900\" alt=\"\" \/>\t\t\t\t\t<\/div>\n\t\t\t\t<\/div>\n\n\t\t\t\t<div class=\"wrapper-content-banner wd-fill  wd-items-middle wd-justify-center\">\n\t\t\t\t\t<div class=\"content-banner  text-center\">\n\t\t\t\t\t\t<h1 class=\"banner-title wd-font-weight- wd-fontsize-l\">Miro<\/h1>\t\t\t\t\t\t\n\t\t\t\t\t\t\n\t\t\t\t\t\t\t\t\t\t\t<\/div>\n\t\t\t\t<\/div>\n\n\t\t\t\t\n\t\t\t\t\t\t\t<\/div>\n\t\t<\/div>\n\n\t\t<\/div><\/div><\/div><\/div><div class=\"vc_row-full-width vc_clearfix\"><\/div><div id=\"text-row\" data-vc-full-width=\"true\" data-vc-full-width-temp=\"true\" data-vc-full-width-init=\"false\" data-vc-stretch-content=\"true\" class=\"vc_row wpb_row vc_row-fluid vc_row-no-padding wd-rs-69147cf930562\"><div class=\"wpb_column vc_column_container vc_col-sm-12\"><div class=\"vc_column-inner\"><div class=\"wpb_wrapper\">\t\t<div id=\"wd-6953e69b2ff07\" class=\"wd-text-block wd-wpb reset-last-child wd-rs-6953e69b2ff07 text-left\">\n\t\t\t<p style=\"text-align: center;\">Zarafeti salonunuzun duvarlar\u0131na ta\u015f\u0131y\u0131n. Miro Konsol, serinin imzas\u0131 olan keskin hatlar\u0131 ve \u00f6zel y\u00fczey dokular\u0131n\u0131 geni\u015f bir formda sunuyor. Tasar\u0131m\u0131ndaki geometrik b\u00f6lmelendirmeler ve modern kulp detaylar\u0131, mekan\u0131n\u0131za derinlik katarken; geni\u015f i\u00e7 hacmi t\u00fcm yemek tak\u0131mlar\u0131n\u0131z ve aksesuarlar\u0131n\u0131z i\u00e7in kusursuz bir d\u00fczen sa\u011fl\u0131yor. Miro\u2019nun sundu\u011fu bu &#8216;sessiz l\u00fcks&#8217; anlay\u0131\u015f\u0131, ya\u015fam alan\u0131n\u0131zda prestijli bir odak noktas\u0131 yarat\u0131yor.<\/p>\n\t\t<\/div>\n\t\t<\/div><\/div><\/div><\/div><div class=\"vc_row-full-width vc_clearfix\"><\/div><div id=\"images-row\" data-vc-full-width=\"true\" data-vc-full-width-temp=\"true\" data-vc-full-width-init=\"false\" data-vc-stretch-content=\"true\" class=\"vc_row wpb_row vc_row-fluid vc_row-no-padding wd-rs-69147d00b36c9\"><div class=\"wpb_column vc_column_container vc_col-sm-12\"><div class=\"vc_column-inner\"><div class=\"wpb_wrapper\">\t\t<div id=\"gallery_750\" class=\"wd-images-gallery wd-wpb wd-rs-696061dba2fda photoswipe-images wd-carousel-container wd-wpb\" style=\"--wd-justify-content:center;--wd-align-items:center;\">\n\t\t\t\t\t\t\t<div class=\"wd-carousel-inner\">\n\t\t\t\n\t\t\t<div class=\"wd-carousel wd-grid scroll-init\"data-scroll_per_page=\"yes\" style=\"--wd-col-lg:2.5;--wd-col-md:2;--wd-col-sm:1;--wd-gap-lg:10px;\">\n\t\t\t\t\t\t\t\t\t<div class=\"wd-carousel-wrap\">\n\t\t\t\t\n\t\t\t\t\t\t\t\t\t\t\t\t\t\t\t<div class=\"wd-gallery-item wd-carousel-item\">\n\t\t\t\t\t\t\t\t\t\t\t\t\t\t<a href=\"https:\/\/lenova.com.tr\/wp-content\/uploads\/2025\/12\/miro-yemek-odasi-301225-3.jpg\" data-elementor-open-lightbox=\"no\" data-index=\"1\" data-width=\"1920\" data-height=\"1440\" \n\t\t\t\t\t\t\t\t\t\t\t\t >\n\t\t\t\t\t\t\t\t\n\t\t\t\t\t\t\t\t<img loading=\"lazy\" decoding=\"async\" width=\"1920\" height=\"1280\" src=\"https:\/\/lenova.com.tr\/wp-content\/uploads\/2025\/12\/miro-yemek-odasi-301225-3-1920x1280.jpg\" class=\"wd-gallery-image image-1\" alt=\"\" srcset=\"https:\/\/lenova.com.tr\/wp-content\/uploads\/2025\/12\/miro-yemek-odasi-301225-3-1920x1280.jpg 1920w, https:\/\/lenova.com.tr\/wp-content\/uploads\/2025\/12\/miro-yemek-odasi-301225-3-16x12.jpg 16w\" sizes=\"auto, (max-width: 1920px) 100vw, 1920px\" \/>\n\t\t\t\t\t\t\t\t\t\t\t\t\t\t\t<\/a>\n\t\t\t\t\t\t\t\t\t\t\t\t<\/div>\n\t\t\t\t\t\t\t\t\t\t\t<div class=\"wd-gallery-item wd-carousel-item\">\n\t\t\t\t\t\t\t\t\t\t\t\t\t\t<a href=\"https:\/\/lenova.com.tr\/wp-content\/uploads\/2025\/12\/miro-yemek-odasi-301225-5.jpg\" data-elementor-open-lightbox=\"no\" data-index=\"2\" data-width=\"1920\" data-height=\"1440\" \n\t\t\t\t\t\t\t\t\t\t\t\t >\n\t\t\t\t\t\t\t\t\n\t\t\t\t\t\t\t\t<img loading=\"lazy\" decoding=\"async\" width=\"1920\" height=\"1280\" src=\"https:\/\/lenova.com.tr\/wp-content\/uploads\/2025\/12\/miro-yemek-odasi-301225-5-1920x1280.jpg\" class=\"wd-gallery-image image-2\" alt=\"\" srcset=\"https:\/\/lenova.com.tr\/wp-content\/uploads\/2025\/12\/miro-yemek-odasi-301225-5-1920x1280.jpg 1920w, https:\/\/lenova.com.tr\/wp-content\/uploads\/2025\/12\/miro-yemek-odasi-301225-5-16x12.jpg 16w\" sizes=\"auto, (max-width: 1920px) 100vw, 1920px\" \/>\n\t\t\t\t\t\t\t\t\t\t\t\t\t\t\t<\/a>\n\t\t\t\t\t\t\t\t\t\t\t\t<\/div>\n\t\t\t\t\t\t\t\t\t\t\t<div class=\"wd-gallery-item wd-carousel-item\">\n\t\t\t\t\t\t\t\t\t\t\t\t\t\t<a href=\"https:\/\/lenova.com.tr\/wp-content\/uploads\/2025\/12\/miro-yemek-odasi-301225-2.jpg\" data-elementor-open-lightbox=\"no\" data-index=\"3\" data-width=\"1920\" data-height=\"1440\" \n\t\t\t\t\t\t\t\t\t\t\t\t >\n\t\t\t\t\t\t\t\t\n\t\t\t\t\t\t\t\t<img loading=\"lazy\" decoding=\"async\" width=\"1920\" height=\"1280\" src=\"https:\/\/lenova.com.tr\/wp-content\/uploads\/2025\/12\/miro-yemek-odasi-301225-2-1920x1280.jpg\" class=\"wd-gallery-image image-3\" alt=\"\" srcset=\"https:\/\/lenova.com.tr\/wp-content\/uploads\/2025\/12\/miro-yemek-odasi-301225-2-1920x1280.jpg 1920w, https:\/\/lenova.com.tr\/wp-content\/uploads\/2025\/12\/miro-yemek-odasi-301225-2-16x12.jpg 16w\" sizes=\"auto, (max-width: 1920px) 100vw, 1920px\" \/>\n\t\t\t\t\t\t\t\t\t\t\t\t\t\t\t<\/a>\n\t\t\t\t\t\t\t\t\t\t\t\t<\/div>\n\t\t\t\t\t\t\t\t\t\n\t\t\t\t\t\t\t\t\t<\/div>\n\t\t\t\t\t\t\t<\/div>\n\n\t\t\t\t\t\t\t\t\t\t\t\t\t\t<div class=\"wd-nav-arrows wd-pos-sep wd-hover-1 wd-icon-1\">\n\t\t\t<div class=\"wd-btn-arrow wd-prev wd-disabled\">\n\t\t\t\t<div class=\"wd-arrow-inner\"><\/div>\n\t\t\t<\/div>\n\t\t\t<div class=\"wd-btn-arrow wd-next\">\n\t\t\t\t<div class=\"wd-arrow-inner\"><\/div>\n\t\t\t<\/div>\n\t\t<\/div>\n\t\t\t\t\t\t\n\t\t\t\t<\/div>\n\n\t\t\t\t\t\t<div class=\"wd-nav-pagin-wrap text-center wd-style-shape wd-hide-md-sm wd-hide-sm\">\n\t\t\t<ul class=\"wd-nav-pagin\"><\/ul>\n\t\t<\/div>\n\t\t\t\t\t\t\t\t\t\t\t<\/div>\n\t\t<\/div><\/div><\/div><\/div><div class=\"vc_row-full-width vc_clearfix\"><\/div><div id=\"text-row\" data-vc-full-width=\"true\" data-vc-full-width-temp=\"true\" data-vc-full-width-init=\"false\" data-vc-stretch-content=\"true\" class=\"vc_row wpb_row vc_row-fluid vc_row-no-padding wd-rs-69147cb8d579b\"><div class=\"wpb_column vc_column_container vc_col-sm-12\"><div class=\"vc_column-inner\"><div class=\"wpb_wrapper\">\t\t<div id=\"wd-6953e6a065b67\" class=\"wd-text-block wd-wpb reset-last-child wd-rs-6953e6a065b67 text-left\">\n\t\t\t<p style=\"text-align: center;\">Modern mobilya sanat\u0131n\u0131n fonksiyonellikle bulu\u015ftu\u011fu en geni\u015f nokta. Miro Konsol, ustal\u0131kla i\u015flenmi\u015f kapak detaylar\u0131 ve koleksiyona \u00f6zel ayak yap\u0131s\u0131yla yatak ve yemek odas\u0131 dekorasyonunda yeni bir standart belirliyor. Sessiz \u00e7al\u0131\u015fan ray ve mente\u015fe sistemleri kullan\u0131m konforunu en \u00fcst seviyeye ta\u015f\u0131rken; Miro aynas\u0131yla birle\u015fti\u011finde salonunuzun havas\u0131n\u0131 tamamen de\u011fi\u015ftiren, heykelsi bir duru\u015f sergiliyor. Kaliteyi ve tasar\u0131m\u0131 bir arada arayanlar i\u00e7in Miro, zamans\u0131z bir tercih.&#8221;<\/p>\n\t\t<\/div>\n\t\t<\/div><\/div><\/div><\/div><div class=\"vc_row-full-width vc_clearfix\"><\/div><div id=\"images-row\" data-vc-full-width=\"true\" data-vc-full-width-temp=\"true\" data-vc-full-width-init=\"false\" data-vc-stretch-content=\"true\" class=\"vc_row wpb_row vc_row-fluid vc_row-no-padding wd-rs-69147d0a4b35f\"><div class=\"wpb_column vc_column_container vc_col-sm-12\"><div class=\"vc_column-inner\"><div class=\"wpb_wrapper\">\t\t<div id=\"gallery_465\" class=\"wd-images-gallery wd-wpb wd-rs-696061e2e0745 photoswipe-images wd-carousel-container wd-wpb\" style=\"--wd-justify-content:center;--wd-align-items:center;\">\n\t\t\t\t\t\t\t<div class=\"wd-carousel-inner\">\n\t\t\t\n\t\t\t<div class=\"wd-carousel wd-grid scroll-init\"data-scroll_per_page=\"yes\" style=\"--wd-col-lg:2;--wd-col-md:2;--wd-col-sm:1;--wd-gap-lg:20px;--wd-gap-sm:10px;\">\n\t\t\t\t\t\t\t\t\t<div class=\"wd-carousel-wrap\">\n\t\t\t\t\n\t\t\t\t\t\t\t\t\t\t\t\t\t\t\t<div class=\"wd-gallery-item wd-carousel-item\">\n\t\t\t\t\t\t\t\t\t\t\t\t\t\t<a href=\"https:\/\/lenova.com.tr\/wp-content\/uploads\/2025\/12\/miro-yemek-odasi-301225-6.jpg\" data-elementor-open-lightbox=\"no\" data-index=\"1\" data-width=\"1920\" data-height=\"1440\" \n\t\t\t\t\t\t\t\t\t\t\t\t >\n\t\t\t\t\t\t\t\t\n\t\t\t\t\t\t\t\t<img loading=\"lazy\" decoding=\"async\" width=\"1920\" height=\"1280\" src=\"https:\/\/lenova.com.tr\/wp-content\/uploads\/2025\/12\/miro-yemek-odasi-301225-6-1920x1280.jpg\" class=\"wd-gallery-image image-1\" alt=\"\" srcset=\"https:\/\/lenova.com.tr\/wp-content\/uploads\/2025\/12\/miro-yemek-odasi-301225-6-1920x1280.jpg 1920w, https:\/\/lenova.com.tr\/wp-content\/uploads\/2025\/12\/miro-yemek-odasi-301225-6-16x12.jpg 16w\" sizes=\"auto, (max-width: 1920px) 100vw, 1920px\" \/>\n\t\t\t\t\t\t\t\t\t\t\t\t\t\t\t<\/a>\n\t\t\t\t\t\t\t\t\t\t\t\t<\/div>\n\t\t\t\t\t\t\t\t\t\t\t<div class=\"wd-gallery-item wd-carousel-item\">\n\t\t\t\t\t\t\t\t\t\t\t\t\t\t<a href=\"https:\/\/lenova.com.tr\/wp-content\/uploads\/2025\/12\/miro-yemek-odasi-301225-7.jpg\" data-elementor-open-lightbox=\"no\" data-index=\"2\" data-width=\"1920\" data-height=\"1440\" \n\t\t\t\t\t\t\t\t\t\t\t\t >\n\t\t\t\t\t\t\t\t\n\t\t\t\t\t\t\t\t<img loading=\"lazy\" decoding=\"async\" width=\"1920\" height=\"1280\" src=\"https:\/\/lenova.com.tr\/wp-content\/uploads\/2025\/12\/miro-yemek-odasi-301225-7-1920x1280.jpg\" class=\"wd-gallery-image image-2\" alt=\"\" srcset=\"https:\/\/lenova.com.tr\/wp-content\/uploads\/2025\/12\/miro-yemek-odasi-301225-7-1920x1280.jpg 1920w, https:\/\/lenova.com.tr\/wp-content\/uploads\/2025\/12\/miro-yemek-odasi-301225-7-16x12.jpg 16w\" sizes=\"auto, (max-width: 1920px) 100vw, 1920px\" \/>\n\t\t\t\t\t\t\t\t\t\t\t\t\t\t\t<\/a>\n\t\t\t\t\t\t\t\t\t\t\t\t<\/div>\n\t\t\t\t\t\t\t\t\t\n\t\t\t\t\t\t\t\t\t<\/div>\n\t\t\t\t\t\t\t<\/div>\n\n\t\t\t\t\t\t\t\t\t\t\t\t\t\t<div class=\"wd-nav-arrows wd-pos-sep wd-hover-1 wd-icon-1\">\n\t\t\t<div class=\"wd-btn-arrow wd-prev wd-disabled\">\n\t\t\t\t<div class=\"wd-arrow-inner\"><\/div>\n\t\t\t<\/div>\n\t\t\t<div class=\"wd-btn-arrow wd-next\">\n\t\t\t\t<div class=\"wd-arrow-inner\"><\/div>\n\t\t\t<\/div>\n\t\t<\/div>\n\t\t\t\t\t\t\n\t\t\t\t<\/div>\n\n\t\t\t\t\t\t<div class=\"wd-nav-pagin-wrap text-center wd-style-shape wd-hide-md-sm wd-hide-sm\">\n\t\t\t<ul class=\"wd-nav-pagin\"><\/ul>\n\t\t<\/div>\n\t\t\t\t\t\t\t\t\t\t\t<\/div>\n\t\t<\/div><\/div><\/div><\/div><div class=\"vc_row-full-width vc_clearfix\"><\/div><div id=\"tabs-row\" data-vc-full-width=\"true\" data-vc-full-width-temp=\"true\" data-vc-full-width-init=\"false\" data-vc-stretch-content=\"true\" class=\"vc_row wpb_row vc_row-fluid vc_row-no-padding wd-rs-69147d0dc8674\"><div class=\"wpb_column vc_column_container vc_col-sm-12\"><div class=\"vc_column-inner\"><div class=\"wpb_wrapper\">\t\t<div id=\"wd-6953e6f756d71\" class=\"wd-text-block wd-wpb reset-last-child wd-rs-6953e6f756d71 text-left\">\n\t\t\t\n\t\t<div id=\"wd-\" class=\"wd-tabs wd-wpb tabs-design-default\">\n\t\t\t<div class=\"wd-tabs-header text-center\">\n\t\t\t\t\t\t\t\t\t<div class=\"tabs-name title\">\n\t\t\t\t\t\t\t\t\t\t\t\t<span class=\"tabs-text\">\u0422\u0435\u0445\u043d\u0438\u0447\u0435\u0441\u043a\u0438\u0435 \u0445\u0430\u0440\u0430\u043a\u0442\u0435\u0440\u0438\u0441\u0442\u0438\u043a\u0438<\/span>\n\t\t\t\t\t<\/div>\n\t\t\t\t\n\t\t\t\t\n\t\t\t\t<div class=\"wd-nav-wrapper wd-nav-tabs-wrapper\">\n\t\t\t\t\t<ul class=\"wd-nav wd-nav-tabs wd-icon-pos-left wd-style-default font-primary wd-fontsize-s wd-font-weight-600\">\n\t\t\t\t\t\t\t\t\t\t\t\t\t\n\t\t\t\t\t\t\t<li>\n\t\t\t\t\t\t\t\t<a href=\"#\" class=\"wd-nav-link\">\n\t\t\t\t\t\t\t\t\t\t\t\t\t\t\t\t\t\t<span class=\"nav-link-text wd-tabs-title\">\n\t\t\t\t\t\t\t\t\t\tDownloads\t\t\t\t\t\t\t\t\t<\/span>\n\t\t\t\t\t\t\t\t<\/a>\n\t\t\t\t\t\t\t<\/li>\n\n\t\t\t\t\t\t\n\t\t\t\t\t<\/ul>\n\t\t\t\t<\/div>\n\t\t\t<\/div>\n\n\t\t\t<div class=\"wd-tabs-content-wrapper\">\n\t\t\t\t<style>\n            .pf-gallery-card { background: #fff; border: 1px solid #f1f1f1; border-radius: 8px; padding: 10px; margin-bottom: 12px; width: 100%; display: flex; justify-content: center; align-items: center; transition: all 0.3s ease; }\n            .pf-gallery-card:hover { border-color: #ddd; }\n            .pf-gallery-card img { max-width: 100%; height: auto; display: block; margin: 0 auto; object-fit: contain; }\n            .pf-item-title { margin: 0; font-weight: 600; font-size: 16px; color: #333; text-align: center; width: 100%; line-height: 1.2; }\n        <\/style>\n\t\t<div class=\"wd-tab-content\">\n\t\t\t\t\t\t\t<div class=\"wd-entry-content\">\n\t\t\t\t\t<div class=\"pf-download-buttons\" style=\"display: flex; gap: 15px; padding: 20px 0; flex-wrap: wrap;\"><a href=\"https:\/\/lenova.com.tr\/wp-content\/uploads\/product-files\/miro-3d-300326.zip\" class=\"btn btn-color-primary btn-style-default btn-size-medium\" download>3D Dosyas\u0131n\u0131 \u0130ndir<\/a><a href=\"https:\/\/lenova.com.tr\/wp-content\/uploads\/product-files\/miro-2d.dwg_.zip\" class=\"btn btn-color-primary btn-style-default btn-size-medium\" download>2D Dosyas\u0131n\u0131 \u0130ndir<\/a><a href=\"https:\/\/lenova.com.tr\/wp-content\/uploads\/product-files\/miro-sofa-detail-sheet-160126-1.pdf\" class=\"btn btn-color-black btn-style-default btn-size-medium\" target=\"_blank\">Detail Sheet (PDF)<\/a><\/div>\t\t\t\t<\/div>\n\t\t\t\t\t<\/div>\n\n\t\t\t\t\t<\/div>\n\t\t<\/div>\n\n\t\t\n\t\t<\/div>\n\t\t<\/div><\/div><\/div><\/div><div class=\"vc_row-full-width vc_clearfix\"><\/div>\n<\/div>","protected":false},"excerpt":{"rendered":"Miro Zarafeti salonunuzun duvarlar\u0131na ta\u015f\u0131y\u0131n. Miro Konsol, serinin imzas\u0131 olan keskin hatlar\u0131 ve \u00f6zel y\u00fczey dokular\u0131n\u0131 geni\u015f bir formda sunuyor.","protected":false},"featured_media":641,"comment_status":"open","ping_status":"closed","template":"","meta":[],"product_brand":[],"product_cat":[31,44],"product_tag":[],"class_list":{"0":"post-647","1":"product","2":"type-product","3":"status-publish","4":"has-post-thumbnail","6":"product_cat-konsollar","7":"product_cat-miro-koleksiyonu","9":"first","10":"instock","11":"shipping-taxable","12":"product-type-simple"},"yoast_head":"<!-- This site is optimized with the Yoast SEO plugin v27.3 - https:\/\/yoast.com\/product\/yoast-seo-wordpress\/ -->\n<title>Miro Konsol - Lenova Mobilya<\/title>\n<meta name=\"robots\" content=\"index, follow, max-snippet:-1, max-image-preview:large, max-video-preview:-1\" \/>\n<link rel=\"canonical\" href=\"https:\/\/lenova.com.tr\/ru\/tovar\/miro-konsol\/\" \/>\n<meta property=\"og:locale\" content=\"ru_RU\" \/>\n<meta property=\"og:type\" content=\"article\" \/>\n<meta property=\"og:title\" content=\"Miro Konsol - Lenova Mobilya\" \/>\n<meta property=\"og:url\" content=\"https:\/\/lenova.com.tr\/ru\/tovar\/miro-konsol\/\" \/>\n<meta property=\"og:site_name\" content=\"Lenova Mobilya\" \/>\n<meta property=\"article:publisher\" content=\"https:\/\/www.facebook.com\/lenovamobilya\" \/>\n<meta property=\"article:modified_time\" content=\"2026-03-31T08:43:36+00:00\" \/>\n<meta property=\"og:image\" content=\"https:\/\/lenova.com.tr\/wp-content\/uploads\/2025\/12\/miro-yemek-odasi-301225-6.jpg\" \/>\n\t<meta property=\"og:image:width\" content=\"1920\" \/>\n\t<meta property=\"og:image:height\" content=\"1440\" \/>\n\t<meta property=\"og:image:type\" content=\"image\/jpeg\" \/>\n<meta name=\"twitter:card\" content=\"summary_large_image\" \/>\n<meta name=\"twitter:label1\" content=\"\u041f\u0440\u0438\u043c\u0435\u0440\u043d\u043e\u0435 \u0432\u0440\u0435\u043c\u044f \u0434\u043b\u044f \u0447\u0442\u0435\u043d\u0438\u044f\" \/>\n\t<meta name=\"twitter:data1\" content=\"2 \u043c\u0438\u043d\u0443\u0442\u044b\" \/>\n<script type=\"application\/ld+json\" class=\"yoast-schema-graph\">{\"@context\":\"https:\\\/\\\/schema.org\",\"@graph\":[{\"@type\":\"WebPage\",\"@id\":\"https:\\\/\\\/lenova.com.tr\\\/urun\\\/miro-konsol\\\/\",\"url\":\"https:\\\/\\\/lenova.com.tr\\\/urun\\\/miro-konsol\\\/\",\"name\":\"Miro Konsol - Lenova Mobilya\",\"isPartOf\":{\"@id\":\"https:\\\/\\\/lenova.com.tr\\\/#website\"},\"primaryImageOfPage\":{\"@id\":\"https:\\\/\\\/lenova.com.tr\\\/urun\\\/miro-konsol\\\/#primaryimage\"},\"image\":{\"@id\":\"https:\\\/\\\/lenova.com.tr\\\/urun\\\/miro-konsol\\\/#primaryimage\"},\"thumbnailUrl\":\"https:\\\/\\\/lenova.com.tr\\\/wp-content\\\/uploads\\\/2025\\\/12\\\/miro-yemek-odasi-301225-6.jpg\",\"datePublished\":\"2025-12-30T14:52:01+00:00\",\"dateModified\":\"2026-03-31T08:43:36+00:00\",\"breadcrumb\":{\"@id\":\"https:\\\/\\\/lenova.com.tr\\\/urun\\\/miro-konsol\\\/#breadcrumb\"},\"inLanguage\":\"ru-RU\",\"potentialAction\":[{\"@type\":\"ReadAction\",\"target\":[\"https:\\\/\\\/lenova.com.tr\\\/urun\\\/miro-konsol\\\/\"]}]},{\"@type\":\"ImageObject\",\"inLanguage\":\"ru-RU\",\"@id\":\"https:\\\/\\\/lenova.com.tr\\\/urun\\\/miro-konsol\\\/#primaryimage\",\"url\":\"https:\\\/\\\/lenova.com.tr\\\/wp-content\\\/uploads\\\/2025\\\/12\\\/miro-yemek-odasi-301225-6.jpg\",\"contentUrl\":\"https:\\\/\\\/lenova.com.tr\\\/wp-content\\\/uploads\\\/2025\\\/12\\\/miro-yemek-odasi-301225-6.jpg\",\"width\":1920,\"height\":1440},{\"@type\":\"BreadcrumbList\",\"@id\":\"https:\\\/\\\/lenova.com.tr\\\/urun\\\/miro-konsol\\\/#breadcrumb\",\"itemListElement\":[{\"@type\":\"ListItem\",\"position\":1,\"name\":\"Anasayfa\",\"item\":\"https:\\\/\\\/lenova.com.tr\\\/\"},{\"@type\":\"ListItem\",\"position\":2,\"name\":\"\u00dcr\u00fcnler\",\"item\":\"https:\\\/\\\/lenova.com.tr\\\/shop\\\/\"},{\"@type\":\"ListItem\",\"position\":3,\"name\":\"Miro Konsol\"}]},{\"@type\":\"WebSite\",\"@id\":\"https:\\\/\\\/lenova.com.tr\\\/#website\",\"url\":\"https:\\\/\\\/lenova.com.tr\\\/\",\"name\":\"Lenova Mobilya\",\"description\":\"\",\"publisher\":{\"@id\":\"https:\\\/\\\/lenova.com.tr\\\/#organization\"},\"potentialAction\":[{\"@type\":\"SearchAction\",\"target\":{\"@type\":\"EntryPoint\",\"urlTemplate\":\"https:\\\/\\\/lenova.com.tr\\\/?s={search_term_string}\"},\"query-input\":{\"@type\":\"PropertyValueSpecification\",\"valueRequired\":true,\"valueName\":\"search_term_string\"}}],\"inLanguage\":\"ru-RU\"},{\"@type\":\"Organization\",\"@id\":\"https:\\\/\\\/lenova.com.tr\\\/#organization\",\"name\":\"Lenova Mobilya\",\"url\":\"https:\\\/\\\/lenova.com.tr\\\/\",\"logo\":{\"@type\":\"ImageObject\",\"inLanguage\":\"ru-RU\",\"@id\":\"https:\\\/\\\/lenova.com.tr\\\/#\\\/schema\\\/logo\\\/image\\\/\",\"url\":\"https:\\\/\\\/lenova.com.tr\\\/wp-content\\\/uploads\\\/2025\\\/11\\\/lenova-black-logo-131125-1.png\",\"contentUrl\":\"https:\\\/\\\/lenova.com.tr\\\/wp-content\\\/uploads\\\/2025\\\/11\\\/lenova-black-logo-131125-1.png\",\"width\":380,\"height\":56,\"caption\":\"Lenova Mobilya\"},\"image\":{\"@id\":\"https:\\\/\\\/lenova.com.tr\\\/#\\\/schema\\\/logo\\\/image\\\/\"},\"sameAs\":[\"https:\\\/\\\/www.facebook.com\\\/lenovamobilya\"]}]}<\/script>\n<!-- \/ Yoast SEO plugin. -->","yoast_head_json":{"title":"Miro Konsol - Lenova Mobilya","robots":{"index":"index","follow":"follow","max-snippet":"max-snippet:-1","max-image-preview":"max-image-preview:large","max-video-preview":"max-video-preview:-1"},"canonical":"https:\/\/lenova.com.tr\/ru\/tovar\/miro-konsol\/","og_locale":"ru_RU","og_type":"article","og_title":"Miro Konsol - Lenova Mobilya","og_url":"https:\/\/lenova.com.tr\/ru\/tovar\/miro-konsol\/","og_site_name":"Lenova Mobilya","article_publisher":"https:\/\/www.facebook.com\/lenovamobilya","article_modified_time":"2026-03-31T08:43:36+00:00","og_image":[{"width":1920,"height":1440,"url":"https:\/\/lenova.com.tr\/wp-content\/uploads\/2025\/12\/miro-yemek-odasi-301225-6.jpg","type":"image\/jpeg"}],"twitter_card":"summary_large_image","twitter_misc":{"\u041f\u0440\u0438\u043c\u0435\u0440\u043d\u043e\u0435 \u0432\u0440\u0435\u043c\u044f \u0434\u043b\u044f \u0447\u0442\u0435\u043d\u0438\u044f":"2 \u043c\u0438\u043d\u0443\u0442\u044b"},"schema":{"@context":"https:\/\/schema.org","@graph":[{"@type":"WebPage","@id":"https:\/\/lenova.com.tr\/urun\/miro-konsol\/","url":"https:\/\/lenova.com.tr\/urun\/miro-konsol\/","name":"Miro Konsol - Lenova Mobilya","isPartOf":{"@id":"https:\/\/lenova.com.tr\/#website"},"primaryImageOfPage":{"@id":"https:\/\/lenova.com.tr\/urun\/miro-konsol\/#primaryimage"},"image":{"@id":"https:\/\/lenova.com.tr\/urun\/miro-konsol\/#primaryimage"},"thumbnailUrl":"https:\/\/lenova.com.tr\/wp-content\/uploads\/2025\/12\/miro-yemek-odasi-301225-6.jpg","datePublished":"2025-12-30T14:52:01+00:00","dateModified":"2026-03-31T08:43:36+00:00","breadcrumb":{"@id":"https:\/\/lenova.com.tr\/urun\/miro-konsol\/#breadcrumb"},"inLanguage":"ru-RU","potentialAction":[{"@type":"ReadAction","target":["https:\/\/lenova.com.tr\/urun\/miro-konsol\/"]}]},{"@type":"ImageObject","inLanguage":"ru-RU","@id":"https:\/\/lenova.com.tr\/urun\/miro-konsol\/#primaryimage","url":"https:\/\/lenova.com.tr\/wp-content\/uploads\/2025\/12\/miro-yemek-odasi-301225-6.jpg","contentUrl":"https:\/\/lenova.com.tr\/wp-content\/uploads\/2025\/12\/miro-yemek-odasi-301225-6.jpg","width":1920,"height":1440},{"@type":"BreadcrumbList","@id":"https:\/\/lenova.com.tr\/urun\/miro-konsol\/#breadcrumb","itemListElement":[{"@type":"ListItem","position":1,"name":"Anasayfa","item":"https:\/\/lenova.com.tr\/"},{"@type":"ListItem","position":2,"name":"\u00dcr\u00fcnler","item":"https:\/\/lenova.com.tr\/shop\/"},{"@type":"ListItem","position":3,"name":"Miro Konsol"}]},{"@type":"WebSite","@id":"https:\/\/lenova.com.tr\/#website","url":"https:\/\/lenova.com.tr\/","name":"Lenova Mobilya","description":"","publisher":{"@id":"https:\/\/lenova.com.tr\/#organization"},"potentialAction":[{"@type":"SearchAction","target":{"@type":"EntryPoint","urlTemplate":"https:\/\/lenova.com.tr\/?s={search_term_string}"},"query-input":{"@type":"PropertyValueSpecification","valueRequired":true,"valueName":"search_term_string"}}],"inLanguage":"ru-RU"},{"@type":"Organization","@id":"https:\/\/lenova.com.tr\/#organization","name":"Lenova Mobilya","url":"https:\/\/lenova.com.tr\/","logo":{"@type":"ImageObject","inLanguage":"ru-RU","@id":"https:\/\/lenova.com.tr\/#\/schema\/logo\/image\/","url":"https:\/\/lenova.com.tr\/wp-content\/uploads\/2025\/11\/lenova-black-logo-131125-1.png","contentUrl":"https:\/\/lenova.com.tr\/wp-content\/uploads\/2025\/11\/lenova-black-logo-131125-1.png","width":380,"height":56,"caption":"Lenova Mobilya"},"image":{"@id":"https:\/\/lenova.com.tr\/#\/schema\/logo\/image\/"},"sameAs":["https:\/\/www.facebook.com\/lenovamobilya"]}]}},"_links":{"self":[{"href":"https:\/\/lenova.com.tr\/ru\/wp-json\/wp\/v2\/product\/647","targetHints":{"allow":["GET"]}}],"collection":[{"href":"https:\/\/lenova.com.tr\/ru\/wp-json\/wp\/v2\/product"}],"about":[{"href":"https:\/\/lenova.com.tr\/ru\/wp-json\/wp\/v2\/types\/product"}],"replies":[{"embeddable":true,"href":"https:\/\/lenova.com.tr\/ru\/wp-json\/wp\/v2\/comments?post=647"}],"wp:featuredmedia":[{"embeddable":true,"href":"https:\/\/lenova.com.tr\/ru\/wp-json\/wp\/v2\/media\/641"}],"wp:attachment":[{"href":"https:\/\/lenova.com.tr\/ru\/wp-json\/wp\/v2\/media?parent=647"}],"wp:term":[{"taxonomy":"product_brand","embeddable":true,"href":"https:\/\/lenova.com.tr\/ru\/wp-json\/wp\/v2\/product_brand?post=647"},{"taxonomy":"product_cat","embeddable":true,"href":"https:\/\/lenova.com.tr\/ru\/wp-json\/wp\/v2\/product_cat?post=647"},{"taxonomy":"product_tag","embeddable":true,"href":"https:\/\/lenova.com.tr\/ru\/wp-json\/wp\/v2\/product_tag?post=647"}],"curies":[{"name":"wp","href":"https:\/\/api.w.org\/{rel}","templated":true}]}}